{"id":1214,"date":"2022-05-07T19:00:07","date_gmt":"2022-05-07T17:00:07","guid":{"rendered":"https:\/\/terrendis.ovh\/contact-2\/"},"modified":"2022-06-28T13:22:22","modified_gmt":"2022-06-28T11:22:22","slug":"contact","status":"publish","type":"page","link":"https:\/\/terrendis.com\/fr\/contact\/","title":{"rendered":"Contact"},"content":{"rendered":"<h1>Nous contacter<\/h1>\n<div>\n<h2 style=\"text-align: center;\">Vous avez besoin de conseils ou d&rsquo;une assistance technique ?<br \/>Ou vous avez des questions sur nos produits et services ?<\/h2>\n<p class=\"uk-text-lead\" style=\"text-align: center;\">Nos employ\u00e9s qualifi\u00e9s ne sont qu&rsquo;\u00e0 un coup de fil.<br \/>Appelez-nous au t\u00e9l. <a href=\"tel:\/\/0032932526210\">+32 9 395 96 10<\/a> ou remplissez le formulaire de contact ci-dessous.<\/p>\n<\/div>\n<div>\n<form action=\"https:\/\/terrendis.com\/fr\/wp-json\/ws-form\/v1\/submit\" class=\"wsf-form wsf-form-canvas\" id=\"ws-form-1\" data-id=\"2\"  data-instance-id=\"1\"  method=\"POST\" data-wsf-style-id=\"1\"><\/form><\/div>\n<div>\n<h3>Terrendis NV<\/h3>\n<div>\n<p>Korte Mate 10<br \/>9042 Desteldonk, Belgium<\/p>\n<p>T. +32 (0)9 395 96 10<br \/>F. +32 (0)9 395 96 11<\/p>\n<p>info@terrendis.com<\/p>\n<\/div>\n<\/div>\n<div>\n<p>    <iframe src=\"https:\/\/www.google.com\/maps\/embed?pb=!1m14!1m8!1m3!1d80130.78730875462!2d3.6934894480200966!3d51.12530134993968!3m2!1i1024!2i768!4f13.1!3m3!1m2!1s0x0%3A0xba57c7824a125e86!2sTerrendis%20NV!5e0!3m2!1sen!2sus!4v1629137280232!5m2!1sen!2sus\" width=\"100%\" height=\"450\" style=\"border:0;\" allowfullscreen=\"\" loading=\"lazy\"><\/iframe>\n<\/div>\n<p><!--more--><br \/>\n<!-- {\"name\":\"Product category archive\",\"type\":\"layout\",\"children\":[{\"type\":\"section\",\"props\":{\"style\":\"secondary\",\"width\":\"default\",\"vertical_align\":\"middle\",\"title_position\":\"top-left\",\"title_rotation\":\"left\",\"title_breakpoint\":\"xl\",\"image_position\":\"center-center\",\"preserve_color\":false,\"overlap\":false},\"children\":[{\"type\":\"row\",\"children\":[{\"type\":\"column\",\"props\":{\"image_position\":\"center-center\",\"media_overlay_gradient\":\"\",\"position_sticky_breakpoint\":\"m\"},\"children\":[{\"type\":\"headline\",\"props\":{\"title_element\":\"h1\",\"content\":\"Nous contacter\"}},{\"type\":\"breadcrumbs\",\"props\":{\"show_home\":true,\"show_current\":true}}]}]}]},{\"type\":\"section\",\"props\":{\"style\":\"default\",\"width\":\"default\",\"vertical_align\":\"middle\",\"title_position\":\"top-left\",\"title_rotation\":\"left\",\"title_breakpoint\":\"xl\",\"image_position\":\"center-center\"},\"children\":[{\"type\":\"row\",\"children\":[{\"type\":\"column\",\"props\":{\"image_position\":\"center-center\",\"media_overlay_gradient\":\"\",\"position_sticky_breakpoint\":\"m\"},\"children\":[{\"type\":\"text\",\"props\":{\"margin\":\"default\",\"column_breakpoint\":\"m\",\"content\":\"\n\n<h2 style=\\\"text-align: center;\\\">Vous avez besoin de conseils ou d'une assistance technique ?<br \\\/>Ou vous avez des questions sur nos produits et services ?<\\\/h2>\\n\n\n<p class=\\\"uk-text-lead\\\" style=\\\"text-align: center;\\\">Nos employ\\u00e9s qualifi\\u00e9s ne sont qu'\\u00e0 un coup de fil.<br \\\/>Appelez-nous au t\\u00e9l. <a href=\\\"tel:\\\/\\\/0032932526210\\\">+32 9 395 96 10<\\\/a> ou remplissez le formulaire de contact ci-dessous.<\\\/p>\",\"class\":\"uk-text-center\"}}]}]},{\"type\":\"row\",\"children\":[{\"type\":\"column\",\"props\":{\"image_position\":\"center-center\",\"media_overlay_gradient\":\"\",\"width_medium\":\"\",\"vertical_align\":\"middle\",\"position_sticky_breakpoint\":\"m\"},\"children\":[{\"type\":\"html\",\"props\":{\"content\":\"[ws_form id=\\\"2\\\"]\"}}]}]}]},{\"type\":\"section\",\"props\":{\"style\":\"default\",\"width\":\"default\",\"vertical_align\":\"middle\",\"title_position\":\"top-left\",\"title_rotation\":\"left\",\"title_breakpoint\":\"xl\",\"image_position\":\"center-center\"},\"children\":[{\"type\":\"row\",\"children\":[{\"type\":\"column\",\"props\":{\"image_position\":\"center-center\",\"media_overlay_gradient\":\"\",\"width_medium\":\"1-3\",\"vertical_align\":\"middle\",\"position_sticky_breakpoint\":\"m\"},\"children\":[{\"type\":\"panel\",\"props\":{\"link_text\":\"Read more\",\"title_hover_style\":\"reset\",\"title_element\":\"h3\",\"title_align\":\"top\",\"title_grid_width\":\"1-2\",\"title_grid_breakpoint\":\"m\",\"meta_style\":\"meta\",\"meta_align\":\"below-title\",\"meta_element\":\"div\",\"content_column_breakpoint\":\"m\",\"icon_width\":80,\"image_align\":\"top\",\"image_grid_width\":\"1-2\",\"image_grid_breakpoint\":\"m\",\"image_svg_color\":\"emphasis\",\"link_style\":\"default\",\"margin\":\"default\",\"title\":\"Terrendis NV\",\"content\":\"\n\n<p>Korte Mate 10<br \\\/>9042 Desteldonk, Belgium<\\\/p>\\n\n\n<p>T. +32 (0)9 395 96 10<br \\\/>F. +32 (0)9 395 96 11<\\\/p>\\n\n\n<p>info@terrendis.com<\\\/p>\",\"panel_style\":\"card-secondary\",\"meta\":\"\",\"panel_padding\":\"default\"}}]},{\"type\":\"column\",\"props\":{\"image_position\":\"center-center\",\"media_overlay_gradient\":\"\",\"width_medium\":\"2-3\",\"position_sticky_breakpoint\":\"m\"},\"children\":[{\"type\":\"html\",\"props\":{\"content\":\"<iframe src=\\\"https:\\\/\\\/www.google.com\\\/maps\\\/embed?pb=!1m14!1m8!1m3!1d80130.78730875462!2d3.6934894480200966!3d51.12530134993968!3m2!1i1024!2i768!4f13.1!3m3!1m2!1s0x0%3A0xba57c7824a125e86!2sTerrendis%20NV!5e0!3m2!1sen!2sus!4v1629137280232!5m2!1sen!2sus\\\" width=\\\"100%\\\" height=\\\"450\\\" style=\\\"border:0;\\\" allowfullscreen=\\\"\\\" loading=\\\"lazy\\\"><\\\/iframe>\"}}]}],\"props\":{\"layout\":\"1-3,2-3\",\"column_gap\":\"collapse\"}}]}],\"version\":\"2.7.22\"} --><\/p>\n","protected":false},"excerpt":{"rendered":"<p>Nous contacter Vous avez besoin de conseils ou d&rsquo;une assistance technique ?Ou vous avez des questions sur nos produits et services ? Nos employ\u00e9s qualifi\u00e9s ne sont qu&rsquo;\u00e0 un coup de fil.Appelez-nous au t\u00e9l. +32 9 395 96 10 ou remplissez le formulaire de contact ci-dessous. Terrendis NV Korte Mate 109042 Desteldonk, Belgium T. +32 [&hellip;]<\/p>\n","protected":false},"author":1,"featured_media":0,"parent":0,"menu_order":0,"comment_status":"closed","ping_status":"closed","template":"","meta":{"_acf_changed":false,"_seopress_robots_primary_cat":"","_seopress_titles_title":"","_seopress_titles_desc":"","_seopress_robots_index":"","footnotes":""},"class_list":["post-1214","page","type-page","status-publish","hentry"],"acf":[],"_links":{"self":[{"href":"https:\/\/terrendis.com\/fr\/wp-json\/wp\/v2\/pages\/1214","targetHints":{"allow":["GET"]}}],"collection":[{"href":"https:\/\/terrendis.com\/fr\/wp-json\/wp\/v2\/pages"}],"about":[{"href":"https:\/\/terrendis.com\/fr\/wp-json\/wp\/v2\/types\/page"}],"author":[{"embeddable":true,"href":"https:\/\/terrendis.com\/fr\/wp-json\/wp\/v2\/users\/1"}],"replies":[{"embeddable":true,"href":"https:\/\/terrendis.com\/fr\/wp-json\/wp\/v2\/comments?post=1214"}],"version-history":[{"count":6,"href":"https:\/\/terrendis.com\/fr\/wp-json\/wp\/v2\/pages\/1214\/revisions"}],"predecessor-version":[{"id":1539,"href":"https:\/\/terrendis.com\/fr\/wp-json\/wp\/v2\/pages\/1214\/revisions\/1539"}],"wp:attachment":[{"href":"https:\/\/terrendis.com\/fr\/wp-json\/wp\/v2\/media?parent=1214"}],"curies":[{"name":"wp","href":"https:\/\/api.w.org\/{rel}","templated":true}]}}