{"id":1173,"date":"2021-08-16T19:23:12","date_gmt":"2021-08-16T17:23:12","guid":{"rendered":"https:\/\/terrendis.ovh\/accessories\/"},"modified":"2022-06-09T21:27:45","modified_gmt":"2022-06-09T19:27:45","slug":"accessoires","status":"publish","type":"page","link":"https:\/\/terrendis.com\/fr\/accessoires\/","title":{"rendered":"Accessoires"},"content":{"rendered":"<h1>Accessoires<\/h1>\n<h2>Accessoires pour les canalisations pr\u00e9-isol\u00e9es<\/h2>\n<div>\n<p>Notre large gamme de raccords et accessoires Terrendis vous offre une solution compl\u00e8te pour le raccordement du syst\u00e8me de distribution d\u2019\u00e9nergie aux b\u00e2timents.<\/p>\n<\/div>\n<ul>\n<li>\n<p>        <img decoding=\"async\" src=\"\/wp-content\/uploads\/2021\/08\/PE-X-terminal-connectors.jpg\" alt=\"\"><\/p>\n<h3>Raccords<\/h3>\n<div>\n<p>Raccords sp\u00e9cifiquement con\u00e7us pour un raccordement ais\u00e9 \u00e0 toutes installations en aval.<\/p>\n<\/div>\n<p><a href=\"\/fr\/accessoires\/raccords\/\">Parcourir les produits<\/a><\/p>\n<\/li>\n<li>\n<p>        <img decoding=\"async\" src=\"\/wp-content\/uploads\/2021\/09\/T-insulation-kit.jpg\" alt=\"\"><\/p>\n<h3>Kits d&rsquo;isolation<\/h3>\n<div>\n<p>Nos kits d\u2019isolation permettent de concevoir des r\u00e9seaux de chaleur plus complexes.<\/p>\n<\/div>\n<p><a href=\"\/fr\/accessoires\/kits-disolation\/\">Parcourir les produits<\/a><\/p>\n<\/li>\n<li>\n<p>        <img decoding=\"async\" src=\"\/wp-content\/uploads\/2021\/08\/Ring-seal.jpg\" alt=\"\"><\/p>\n<h3>Autres<\/h3>\n<div>\n<p>Accessoires pour garantir l\u2019installation \u00e9tanche d\u2019un r\u00e9seau enterr\u00e9.<\/p>\n<\/div>\n<p><a href=\"\/fr\/accessoires\/autres\/\">Parcourir les produits<\/a><\/p>\n<\/li>\n<\/ul>\n<p><!--more--><br \/>\n<!-- {\"name\":\"Product category archive\",\"type\":\"layout\",\"children\":[{\"type\":\"section\",\"props\":{\"style\":\"secondary\",\"width\":\"default\",\"vertical_align\":\"middle\",\"title_position\":\"top-left\",\"title_rotation\":\"left\",\"title_breakpoint\":\"xl\",\"image_position\":\"center-center\",\"preserve_color\":false,\"overlap\":false},\"children\":[{\"type\":\"row\",\"children\":[{\"type\":\"column\",\"props\":{\"image_position\":\"center-center\",\"media_overlay_gradient\":\"\",\"position_sticky_breakpoint\":\"m\"},\"children\":[{\"type\":\"headline\",\"props\":{\"title_element\":\"h1\",\"content\":\"Accessoires\"}},{\"type\":\"breadcrumbs\",\"props\":{\"show_home\":true,\"show_current\":true}}]}]}]},{\"type\":\"section\",\"props\":{\"style\":\"default\",\"width\":\"default\",\"vertical_align\":\"middle\",\"title_position\":\"top-left\",\"title_rotation\":\"left\",\"title_breakpoint\":\"xl\",\"image_position\":\"center-center\"},\"children\":[{\"type\":\"row\",\"children\":[{\"type\":\"column\",\"props\":{\"image_position\":\"center-center\",\"media_overlay_gradient\":\"\",\"width_medium\":\"\",\"position_sticky_breakpoint\":\"m\"},\"children\":[{\"type\":\"headline\",\"props\":{\"title_element\":\"h2\",\"title_decoration\":\"bullet\",\"content\":\"Accessoires pour les canalisations pr\\u00e9-isol\\u00e9es\"}},{\"type\":\"text\",\"props\":{\"margin\":\"default\",\"column_breakpoint\":\"m\",\"content\":\"\n\n<p>Notre large gamme de raccords et accessoires Terrendis vous offre une solution compl\\u00e8te pour le raccordement du syst\\u00e8me de distribution d\\u2019\\u00e9nergie aux b\\u00e2timents.<\\\/p>\"}}]}]}]},{\"type\":\"section\",\"props\":{\"style\":\"default\",\"width\":\"default\",\"vertical_align\":\"middle\",\"title_position\":\"top-left\",\"title_rotation\":\"left\",\"title_breakpoint\":\"xl\",\"image_position\":\"center-center\"},\"children\":[{\"type\":\"row\",\"children\":[{\"type\":\"column\",\"props\":{\"image_position\":\"center-center\",\"media_overlay_gradient\":\"\",\"position_sticky_breakpoint\":\"m\"},\"children\":[{\"type\":\"panel-slider\",\"props\":{\"show_title\":true,\"show_meta\":true,\"show_content\":true,\"show_image\":true,\"show_link\":true,\"slider_width\":\"fixed\",\"slider_width_default\":\"1-1\",\"slider_width_medium\":\"1-3\",\"slider_gap\":\"default\",\"slider_autoplay_pause\":true,\"nav\":\"dotnav\",\"nav_align\":\"center\",\"nav_breakpoint\":\"s\",\"slidenav\":\"default\",\"slidenav_margin\":\"\",\"slidenav_breakpoint\":\"xl\",\"slidenav_outside_breakpoint\":\"xl\",\"panel_card_match\":true,\"title_hover_style\":\"reset\",\"title_element\":\"h3\",\"title_align\":\"top\",\"title_grid_width\":\"1-2\",\"title_grid_breakpoint\":\"m\",\"meta_style\":\"meta\",\"meta_align\":\"below-title\",\"meta_element\":\"div\",\"content_column_breakpoint\":\"m\",\"icon_width\":80,\"image_align\":\"top\",\"image_grid_width\":\"1-2\",\"image_grid_breakpoint\":\"m\",\"image_svg_color\":\"emphasis\",\"link_text\":\"View product\",\"link_style\":\"text\",\"margin\":\"default\",\"panel_style\":\"card-default\",\"title_link\":true,\"slider_divider\":false,\"panel_card_offset\":true,\"panel_image_no_padding\":true,\"panel_padding\":\"default\"},\"children\":[{\"type\":\"panel-slider_item\",\"props\":{\"link_text\":\"Parcourir les produits\",\"title\":\"Raccords\",\"content\":\"\n\n<p>Raccords sp\\u00e9cifiquement con\\u00e7us pour un raccordement ais\\u00e9 \\u00e0 toutes installations en aval.<\\\/p>\",\"image\":\"wp-content\\\/uploads\\\/2021\\\/08\\\/PE-X-terminal-connectors.jpg\",\"link\":\"fr\\\/accessoires\\\/raccords\\\/\"}},{\"type\":\"panel-slider_item\",\"props\":{\"link_text\":\"Parcourir les produits\",\"title\":\"Kits d'isolation\",\"content\":\"\n\n<p>Nos kits d\\u2019isolation permettent de concevoir des r\\u00e9seaux de chaleur plus complexes.<\\\/p>\",\"image\":\"wp-content\\\/uploads\\\/2021\\\/09\\\/T-insulation-kit.jpg\",\"link\":\"fr\\\/accessoires\\\/kits-disolation\\\/\"}},{\"type\":\"panel-slider_item\",\"props\":{\"link_text\":\"Parcourir les produits\",\"title\":\"Autres\",\"content\":\"\n\n<p>Accessoires pour garantir l\\u2019installation \\u00e9tanche d\\u2019un r\\u00e9seau enterr\\u00e9.<\\\/p>\",\"image\":\"wp-content\\\/uploads\\\/2021\\\/08\\\/Ring-seal.jpg\",\"link\":\"fr\\\/accessoires\\\/autres\\\/\"}}]}]}]}]}],\"version\":\"2.7.22\"} --><\/p>\n","protected":false},"excerpt":{"rendered":"<p>Accessoires Accessoires pour les canalisations pr\u00e9-isol\u00e9es Notre large gamme de raccords et accessoires Terrendis vous offre une solution compl\u00e8te pour le raccordement du syst\u00e8me de distribution d\u2019\u00e9nergie aux b\u00e2timents. Raccords Raccords sp\u00e9cifiquement con\u00e7us pour un raccordement ais\u00e9 \u00e0 toutes installations en aval. Parcourir les produits Kits d&rsquo;isolation Nos kits d\u2019isolation permettent de concevoir des r\u00e9seaux [&hellip;]<\/p>\n","protected":false},"author":1,"featured_media":0,"parent":0,"menu_order":0,"comment_status":"closed","ping_status":"closed","template":"","meta":{"_acf_changed":false,"_seopress_robots_primary_cat":"","_seopress_titles_title":"","_seopress_titles_desc":"","_seopress_robots_index":"","footnotes":""},"class_list":["post-1173","page","type-page","status-publish","hentry"],"acf":[],"_links":{"self":[{"href":"https:\/\/terrendis.com\/fr\/wp-json\/wp\/v2\/pages\/1173","targetHints":{"allow":["GET"]}}],"collection":[{"href":"https:\/\/terrendis.com\/fr\/wp-json\/wp\/v2\/pages"}],"about":[{"href":"https:\/\/terrendis.com\/fr\/wp-json\/wp\/v2\/types\/page"}],"author":[{"embeddable":true,"href":"https:\/\/terrendis.com\/fr\/wp-json\/wp\/v2\/users\/1"}],"replies":[{"embeddable":true,"href":"https:\/\/terrendis.com\/fr\/wp-json\/wp\/v2\/comments?post=1173"}],"version-history":[{"count":7,"href":"https:\/\/terrendis.com\/fr\/wp-json\/wp\/v2\/pages\/1173\/revisions"}],"predecessor-version":[{"id":1301,"href":"https:\/\/terrendis.com\/fr\/wp-json\/wp\/v2\/pages\/1173\/revisions\/1301"}],"wp:attachment":[{"href":"https:\/\/terrendis.com\/fr\/wp-json\/wp\/v2\/media?parent=1173"}],"curies":[{"name":"wp","href":"https:\/\/api.w.org\/{rel}","templated":true}]}}