{"id":1162,"date":"2021-08-11T11:51:20","date_gmt":"2021-08-11T09:51:20","guid":{"rendered":"https:\/\/terrendis.ovh\/about-us\/"},"modified":"2026-03-05T12:20:33","modified_gmt":"2026-03-05T11:20:33","slug":"a-propos-de-nous","status":"publish","type":"page","link":"https:\/\/terrendis.com\/fr\/a-propos-de-nous\/","title":{"rendered":"A propos de nous"},"content":{"rendered":"<h2>A propos de nous<\/h2>\n<div>\n<p>Terrendis NV est membre d&rsquo;Elydan, leader europ\u00e9en dans la fabrication de solutions de distribution d&rsquo;\u00e9nergie.<br \/>\nNotre soci\u00e9t\u00e9 s&rsquo;appellera bient\u00f4t Elydan, mais nous continuerons \u00e0 promouvoir notre syst\u00e8me de canalisations pr\u00e9-isol\u00e9es sous la marque Terrendis.\n<\/p>\n<\/div>\n<h2>Ce que nous faisons<\/h2>\n<div>\n<p>Terrendis est enti\u00e8rement d\u00e9di\u00e9e \u00e0 la fabrication et \u00e0 la commercialisation d&rsquo;une gamme compl\u00e8te de canalisations pr\u00e9-isol\u00e9es hyper flexibles (tubes et accessoires), principalement utilis\u00e9es pour le transport d&rsquo;eau de chauffage, d&rsquo;eau chaude sanitaire, d&rsquo;eau potable froide et de refroidissement (climatisation), des eaux us\u00e9es ou d&rsquo;autres fluides dans des r\u00e9seaux enterr\u00e9s.<\/p>\n<\/div>\n<h3>Chauffage<\/h3>\n<div>\n<p>La gamme de chauffage se compose d&rsquo;une s\u00e9rie de canalisations hyper flexibles pr\u00e9-isol\u00e9es avec tubes simples, doubles ou quadruples. Les tubes caloporteurs en PER-a sont munis d&rsquo;une barri\u00e8re anti-oxyg\u00e8ne de couleur orange (pour le d\u00e9part) ou bleue (pour le retour).<\/p>\n<\/div>\n<p><p>\n        <a href=\"\/fr\/categorie-produit\/chauffage\/\">Canalisations pour applications chauffage<\/a>\n    <\/p>\n<\/p>\n<h3>Sanitaire<\/h3>\n<div>\n<p>La gamme des canalisations sanitaires pr\u00e9-isol\u00e9es hyper flexibles a \u00e9t\u00e9 con\u00e7ue pour optimiser la distribution d&rsquo;eau chaude sanitaire et d&rsquo;eau potable dans les r\u00e9seaux publics et dans les applications domestiques.<\/p>\n<\/div>\n<p><p>\n        <a href=\"\/fr\/categorie-produit\/sanitaire\/\">Canalisations pour les applications sanitaires<\/a>\n    <\/p>\n<\/p>\n<h3>Refroidissement<\/h3>\n<div>\n<p>La gamme cool de tubes pr\u00e9-isol\u00e9s hyper flexibles peut \u00eatre utilis\u00e9e aussi bien pour les r\u00e9seaux d&rsquo;alimentation en eau potable que pour les r\u00e9seaux de climatisation.<\/p>\n<\/div>\n<p><p>\n        <a href=\"\/fr\/categorie-produit\/froid-refroidissement\/\">Tubes pour les solutions de refroidissement<\/a>\n    <\/p>\n<\/p>\n<h3>\u00c9nergies renouvelables<\/h3>\n<div>\n<p>Nos canalisations pr\u00e9-isol\u00e9es hyper flexibles peuvent parfaitement \u00eatre connect\u00e9es \u00e0 des sources de chaleur d&rsquo;\u00e9nergies renouvelables telles que les pompes \u00e0 chaleur, les chaudi\u00e8res \u00e0 bois et \u00e0 granul\u00e9s, la biomasse et le biogaz.<\/p>\n<\/div>\n<p><p>\n        <a href=\"\/fr\/categorie-produit\/quadruple-et-pompe-a-chaleur\/\">Canalisations pour application avec les ENR<\/a>\n    <\/p>\n<\/p>\n<h2>Terrendis \u00e0 votre service<\/h2>\n<div>\n<p>Terrendis unit r\u00e9activit\u00e9, exp\u00e9rience et savoir-faire pour servir au mieux son march\u00e9.<\/p>\n<ul>\n<li>Plus de 50 ans d&rsquo;exp\u00e9rience dans l&rsquo;extrusion de tubes plastiques, plus de 10 ans de savoir-faire dans les syst\u00e8mes de canalisations pr\u00e9-isol\u00e9es.<\/li>\n<li>\u00c9quipe de sp\u00e9cialistes qui vous aide dans la conception du r\u00e9seau, la s\u00e9lection des produits et l&rsquo;optimisation du syst\u00e8me.<\/li>\n<li>Assistance technique pour formation et accompagnement sur chantiers.<\/li>\n<li>Possibilit\u00e9 de produire des canalisations pr\u00e9-isol\u00e9es sp\u00e9cifiques adapt\u00e9es \u00e0 vos besoins.<\/li>\n<li>Fabrication, produits et solutions respectueux de l&rsquo;environnement.<\/li>\n<\/ul>\n<\/div>\n<h1>Une industrie respectueuse de l&rsquo;environnement<\/h1>\n<div>\n<p>Notre usine participe activement \u00e0 la r\u00e9duction de notre empreinte carbone. Une installation de 932 panneaux photovolta\u00efques de 1600m2 nous permet de produire de l&rsquo;\u00e9lectricit\u00e9 propre et \u00ab\u00a0verte\u00a0\u00bb pour assurer la production de nos canalisations hyper flexibles pr\u00e9-isol\u00e9es.<\/p>\n<\/div>\n<div>\n<p>Chez Terrendis, notre objectif principal est de r\u00e9pondre le plus rapidement et le plus simplement possible \u00e0 nos clients, en tenant compte de leurs besoins sp\u00e9cifiques.<\/p>\n<p>Cela nous permet d&rsquo;entretenir une relation de confiance solide et durable.<\/p>\n<\/div>\n<p><p>\n        <a href=\"https:\/\/terrendis.com\/fr\/contact\/\">Parlez-nous de votre projet<\/a>\n    <\/p>\n<\/p>\n<p><!--more--><br \/>\n<!-- {\"type\":\"layout\",\"children\":[{\"type\":\"section\",\"props\":{\"height\":\"viewport\",\"height_offset_top\":true,\"height_viewport\":80,\"image\":\"wp-content\\\/uploads\\\/2021\\\/08\\\/usine-terrendis.jpg\",\"image_position\":\"center-center\",\"style\":\"default\",\"title_breakpoint\":\"xl\",\"title_position\":\"top-left\",\"title_rotation\":\"left\",\"vertical_align\":\"middle\",\"width\":\"default\"},\"children\":[{\"type\":\"row\",\"props\":{\"layout\":\"1-2,1-2\",\"margin\":\"remove-vertical\",\"margin_remove_bottom\":false},\"children\":[{\"type\":\"column\",\"props\":{\"image_position\":\"center-center\",\"position_sticky_breakpoint\":\"m\",\"vertical_align\":\"middle\",\"width_medium\":\"1-2\"}},{\"type\":\"column\",\"props\":{\"image_position\":\"center-center\",\"position_sticky_breakpoint\":\"m\",\"vertical_align\":\"middle\",\"width_medium\":\"1-2\"}}]}]},{\"type\":\"section\",\"props\":{\"image_position\":\"center-center\",\"padding_remove_bottom\":false,\"padding_remove_top\":false,\"style\":\"default\",\"title_breakpoint\":\"xl\",\"title_position\":\"top-left\",\"title_rotation\":\"left\",\"vertical_align\":\"\",\"width\":\"default\"},\"children\":[{\"type\":\"row\",\"props\":{\"layout\":\"1-2,1-2\"},\"children\":[{\"type\":\"column\",\"props\":{\"image_position\":\"center-center\",\"position_sticky_breakpoint\":\"m\",\"width_medium\":\"1-2\"},\"children\":[{\"type\":\"headline\",\"props\":{\"content\":\"A propos de nous\",\"margin_remove_top\":true,\"maxwidth\":\"2xlarge\",\"title_decoration\":\"bullet\",\"title_element\":\"h2\"}},{\"type\":\"text\",\"props\":{\"column_breakpoint\":\"m\",\"content\":\"\n\n<p>Terrendis est une filiale d'Endralis, un leader europ\\u00e9en dans la fabrication de solutions de distribution d'\\u00e9nergie.<\\\/p>\",\"margin\":\"default\"}}]},{\"type\":\"column\",\"props\":{\"image_position\":\"center-center\",\"position_sticky_breakpoint\":\"m\",\"width_medium\":\"1-2\"},\"children\":[{\"type\":\"headline\",\"props\":{\"content\":\"Ce que nous faisons\",\"margin_remove_top\":true,\"maxwidth\":\"2xlarge\",\"title_decoration\":\"bullet\",\"title_element\":\"h2\"}},{\"type\":\"text\",\"props\":{\"column_breakpoint\":\"m\",\"content\":\"\n\n<p>Terrendis est enti\\u00e8rement d\\u00e9di\\u00e9e \\u00e0 la fabrication et \\u00e0 la commercialisation d'une gamme compl\\u00e8te de canalisations pr\\u00e9-isol\\u00e9es hyper flexibles (tubes et accessoires), principalement utilis\\u00e9es pour le transport d'eau de chauffage, d'eau chaude sanitaire, d'eau potable froide et de refroidissement (climatisation), des eaux us\\u00e9es ou d'autres fluides dans des r\\u00e9seaux enterr\\u00e9s.<\\\/p>\",\"margin\":\"default\"}}]}]}]},{\"name\":\"Residences\",\"type\":\"section\",\"props\":{\"animation\":\"slide-left-small\",\"animation_delay\":false,\"image_position\":\"top-center\",\"padding_remove_top\":false,\"style\":\"default\",\"title_breakpoint\":\"xl\",\"title_position\":\"top-left\",\"title_rotation\":\"left\",\"vertical_align\":\"\",\"width\":\"\"},\"children\":[{\"type\":\"row\",\"props\":{\"column_gap\":\"collapse\",\"layout\":\"1-2,1-2\",\"margin\":\"remove-vertical\",\"row_gap\":\"collapse\"},\"children\":[{\"type\":\"column\",\"props\":{\"css\":\".el-column {\\n\\tmin-height: 500px;\\n}\",\"image\":\"wp-content\\\/uploads\\\/2021\\\/08\\\/feu.jpg\",\"image_height\":\"910\",\"image_position\":\"center-center\",\"image_size\":\"cover\",\"image_width\":\"1300\",\"position_sticky_breakpoint\":\"m\",\"width_large\":\"1-2\"}},{\"type\":\"column\",\"props\":{\"image_height\":\"910\",\"image_position\":\"center-center\",\"image_size\":\"cover\",\"image_width\":\"1300\",\"padding\":\"large\",\"position_sticky_breakpoint\":\"m\",\"style\":\"tile-muted\",\"width_large\":\"1-2\"},\"children\":[{\"type\":\"headline\",\"props\":{\"block_align\":\"center\",\"content\":\"Chauffage\",\"maxwidth\":\"large\",\"title_element\":\"h3\"}},{\"type\":\"text\",\"props\":{\"block_align\":\"center\",\"column_breakpoint\":\"m\",\"content\":\"\n\n<p>La gamme de chauffage se compose d'une s\\u00e9rie de canalisations hyper flexibles pr\\u00e9-isol\\u00e9es avec tubes simples, doubles ou quadruples. Les tubes caloporteurs en PER-a sont munis d'une barri\\u00e8re anti-oxyg\\u00e8ne de couleur orange (pour le d\\u00e9part) ou bleue (pour le retour).<\\\/p>\",\"margin\":\"\",\"maxwidth\":\"large\",\"text_align\":\"justify\"}},{\"type\":\"button\",\"props\":{\"block_align\":\"center\",\"fullwidth\":false,\"grid_column_gap\":\"small\",\"grid_row_gap\":\"small\",\"margin\":\"medium\",\"maxwidth\":\"large\"},\"children\":[{\"type\":\"button_item\",\"props\":{\"button_style\":\"default\",\"content\":\"Canalisations pour applications chauffage\",\"dialog_layout\":\"modal\",\"dialog_offcanvas_flip\":true,\"icon_align\":\"left\",\"link\":\"fr\\\/categorie-produit\\\/chauffage\\\/\"}}]}]}]},{\"type\":\"row\",\"props\":{\"column_gap\":\"collapse\",\"layout\":\"1-2,1-2\",\"margin\":\"remove-vertical\",\"row_gap\":\"collapse\"},\"children\":[{\"type\":\"column\",\"props\":{\"css\":\".el-column {\\n\\tmin-height: 500px;\\n}\",\"image\":\"wp-content\\\/uploads\\\/2021\\\/08\\\/eau.jpg\",\"image_height\":\"910\",\"image_position\":\"center-center\",\"image_size\":\"cover\",\"image_width\":\"1300\",\"position_sticky_breakpoint\":\"m\",\"width_large\":\"1-2\"}},{\"type\":\"column\",\"props\":{\"image_height\":\"910\",\"image_position\":\"center-center\",\"image_size\":\"cover\",\"image_width\":\"1300\",\"order_first\":\"l\",\"padding\":\"large\",\"position_sticky_breakpoint\":\"m\",\"style\":\"tile-muted\",\"width_large\":\"1-2\"},\"children\":[{\"type\":\"headline\",\"props\":{\"block_align\":\"center\",\"content\":\"Sanitaire\",\"maxwidth\":\"large\",\"title_element\":\"h3\"}},{\"type\":\"text\",\"props\":{\"block_align\":\"center\",\"column_breakpoint\":\"m\",\"content\":\"\n\n<p>La gamme des canalisations sanitaires pr\\u00e9-isol\\u00e9es hyper flexibles a \\u00e9t\\u00e9 con\\u00e7ue pour optimiser la distribution d'eau chaude sanitaire et d'eau potable dans les r\\u00e9seaux publics et dans les applications domestiques.<\\\/p>\",\"margin\":\"\",\"maxwidth\":\"large\",\"text_align\":\"justify\"}},{\"type\":\"button\",\"props\":{\"block_align\":\"center\",\"fullwidth\":false,\"grid_column_gap\":\"small\",\"grid_row_gap\":\"small\",\"margin\":\"medium\",\"maxwidth\":\"large\"},\"children\":[{\"type\":\"button_item\",\"props\":{\"button_style\":\"default\",\"content\":\"Canalisations pour les applications sanitaires\",\"dialog_layout\":\"modal\",\"dialog_offcanvas_flip\":true,\"icon_align\":\"left\",\"link\":\"fr\\\/categorie-produit\\\/sanitaire\\\/\"}}]}]}]},{\"type\":\"row\",\"props\":{\"column_gap\":\"collapse\",\"layout\":\"1-2,1-2\",\"margin\":\"remove-vertical\",\"row_gap\":\"collapse\"},\"children\":[{\"type\":\"column\",\"props\":{\"css\":\".el-column {\\n\\tmin-height: 500px;\\n}\",\"image\":\"wp-content\\\/uploads\\\/2021\\\/08\\\/glace.jpg\",\"image_height\":\"910\",\"image_position\":\"center-center\",\"image_size\":\"cover\",\"image_width\":\"1300\",\"position_sticky_breakpoint\":\"m\",\"width_large\":\"1-2\"}},{\"type\":\"column\",\"props\":{\"image_height\":\"910\",\"image_position\":\"center-center\",\"image_size\":\"cover\",\"image_width\":\"1300\",\"padding\":\"large\",\"position_sticky_breakpoint\":\"m\",\"style\":\"tile-muted\",\"width_large\":\"1-2\"},\"children\":[{\"type\":\"headline\",\"props\":{\"block_align\":\"center\",\"content\":\"Refroidissement\",\"maxwidth\":\"large\",\"title_element\":\"h3\"}},{\"type\":\"text\",\"props\":{\"block_align\":\"center\",\"column_breakpoint\":\"m\",\"content\":\"\n\n<p>La gamme cool de tubes pr\\u00e9-isol\\u00e9s hyper flexibles peut \\u00eatre utilis\\u00e9e aussi bien pour les r\\u00e9seaux d'alimentation en eau potable que pour les r\\u00e9seaux de climatisation.<\\\/p>\",\"margin\":\"\",\"maxwidth\":\"large\",\"text_align\":\"justify\"}},{\"type\":\"button\",\"props\":{\"block_align\":\"center\",\"fullwidth\":false,\"grid_column_gap\":\"small\",\"grid_row_gap\":\"small\",\"margin\":\"medium\",\"maxwidth\":\"large\"},\"children\":[{\"type\":\"button_item\",\"props\":{\"button_style\":\"default\",\"content\":\"Tubes pour les solutions de refroidissement\",\"dialog_layout\":\"modal\",\"dialog_offcanvas_flip\":true,\"icon_align\":\"left\",\"link\":\"fr\\\/categorie-produit\\\/froid-refroidissement\\\/\"}}]}]}]},{\"type\":\"row\",\"props\":{\"column_gap\":\"collapse\",\"layout\":\"1-2,1-2\",\"margin\":\"xlarge\",\"margin_remove_top\":true,\"row_gap\":\"collapse\"},\"children\":[{\"type\":\"column\",\"props\":{\"css\":\".el-column {\\n\\tmin-height: 500px;\\n}\",\"image\":\"wp-content\\\/uploads\\\/2021\\\/08\\\/field.jpg\",\"image_height\":\"910\",\"image_position\":\"center-center\",\"image_size\":\"cover\",\"image_width\":\"1300\",\"position_sticky_breakpoint\":\"m\",\"width_large\":\"1-2\"}},{\"type\":\"column\",\"props\":{\"image_height\":\"910\",\"image_position\":\"center-center\",\"image_size\":\"cover\",\"image_width\":\"1300\",\"order_first\":\"l\",\"padding\":\"large\",\"position_sticky_breakpoint\":\"m\",\"style\":\"tile-muted\",\"width_large\":\"1-2\"},\"children\":[{\"type\":\"headline\",\"props\":{\"block_align\":\"center\",\"content\":\"\\u00c9nergies renouvelables\",\"maxwidth\":\"large\",\"title_element\":\"h3\"}},{\"type\":\"text\",\"props\":{\"block_align\":\"center\",\"column_breakpoint\":\"m\",\"content\":\"\n\n<p>Nos canalisations pr\\u00e9-isol\\u00e9es hyper flexibles peuvent parfaitement \\u00eatre connect\\u00e9es \\u00e0 des sources de chaleur d'\\u00e9nergies renouvelables telles que les pompes \\u00e0 chaleur, les chaudi\\u00e8res \\u00e0 bois et \\u00e0 granul\\u00e9s, la biomasse et le biogaz.<\\\/p>\",\"margin\":\"\",\"maxwidth\":\"large\",\"text_align\":\"justify\"}},{\"type\":\"button\",\"props\":{\"block_align\":\"center\",\"fullwidth\":false,\"grid_column_gap\":\"small\",\"grid_row_gap\":\"small\",\"margin\":\"medium\",\"maxwidth\":\"large\"},\"children\":[{\"type\":\"button_item\",\"props\":{\"button_style\":\"default\",\"content\":\"Canalisations pour application avec les ENR\",\"dialog_layout\":\"modal\",\"dialog_offcanvas_flip\":true,\"icon_align\":\"left\",\"link\":\"fr\\\/categorie-produit\\\/quadruple-et-pompe-a-chaleur\\\/\"}}]}]}]},{\"type\":\"row\",\"props\":{\"margin\":\"xlarge\",\"margin_remove_top\":true,\"width\":\"small\"},\"children\":[{\"type\":\"column\",\"props\":{\"image_position\":\"center-center\",\"position_sticky_breakpoint\":\"m\",\"width_medium\":\"1-1\"},\"children\":[{\"type\":\"headline\",\"props\":{\"content\":\"Terrendis \\u00e0 votre service\",\"margin_remove_top\":true,\"maxwidth\":\"2xlarge\",\"title_decoration\":\"bullet\",\"title_element\":\"h2\"}},{\"type\":\"text\",\"props\":{\"column_breakpoint\":\"m\",\"content\":\"\n\n<p>Terrendis unit r\\u00e9activit\\u00e9, exp\\u00e9rience et savoir-faire pour servir au mieux son march\\u00e9.<\\\/p>\\n\n\n<ul>\\n\n\n<li>Plus de 50 ans d'exp\\u00e9rience dans l'extrusion de tubes plastiques, plus de 10 ans de savoir-faire dans les syst\\u00e8mes de canalisations pr\\u00e9-isol\\u00e9es.<\\\/li>\\n\n\n<li>\\u00c9quipe de sp\\u00e9cialistes qui vous aide dans la conception du r\\u00e9seau, la s\\u00e9lection des produits et l'optimisation du syst\\u00e8me.<\\\/li>\\n\n\n<li>Assistance technique pour formation et accompagnement sur chantiers.<\\\/li>\\n\n\n<li>Possibilit\\u00e9 de produire des canalisations pr\\u00e9-isol\\u00e9es sp\\u00e9cifiques adapt\\u00e9es \\u00e0 vos besoins.<\\\/li>\\n\n\n<li>Fabrication, produits et solutions respectueux de l'environnement.<\\\/li>\\n<\\\/ul>\",\"margin\":\"default\"}}]}]}]},{\"type\":\"section\",\"props\":{\"image_position\":\"center-center\",\"status\":\"disabled\",\"style\":\"muted\",\"title_breakpoint\":\"xl\",\"title_position\":\"top-left\",\"title_rotation\":\"left\",\"vertical_align\":\"\",\"width\":\"default\"},\"children\":[{\"type\":\"row\",\"children\":[{\"type\":\"column\",\"props\":{\"image_position\":\"center-center\",\"position_sticky_breakpoint\":\"m\"},\"children\":[{\"type\":\"grid\",\"props\":{\"content_column_breakpoint\":\"m\",\"filter_align\":\"left\",\"filter_all\":true,\"filter_grid_breakpoint\":\"m\",\"filter_grid_width\":\"auto\",\"filter_position\":\"top\",\"filter_style\":\"tab\",\"grid_default\":\"1\",\"grid_medium\":\"3\",\"icon_width\":80,\"image_align\":\"top\",\"image_grid_breakpoint\":\"m\",\"image_grid_width\":\"1-2\",\"image_svg_color\":\"emphasis\",\"item_animation\":true,\"lightbox_bg_close\":true,\"link_style\":\"default\",\"link_text\":\"Read more\",\"margin\":\"default\",\"meta_align\":\"below-title\",\"meta_element\":\"div\",\"meta_style\":\"h5\",\"parallax_easing\":\"1\",\"show_content\":true,\"show_hover_image\":true,\"show_hover_video\":true,\"show_image\":false,\"show_link\":false,\"show_meta\":true,\"show_title\":true,\"show_video\":true,\"text_align\":\"center\",\"title_align\":\"top\",\"title_element\":\"h3\",\"title_grid_breakpoint\":\"m\",\"title_grid_width\":\"1-2\",\"title_hover_style\":\"reset\",\"title_style\":\"heading-medium\"},\"children\":[{\"type\":\"grid_item\",\"props\":{\"meta\":\"Pays\",\"title\":\"+35\"}},{\"type\":\"grid_item\",\"props\":{\"meta\":\"m\\u00e8tres de tubes isol\\u00e9s\",\"title\":\"+2,000,000\"}},{\"type\":\"grid_item\",\"props\":{\"meta\":\"km de tubes en stock\",\"title\":\"+100\"}}]}]}]}]},{\"type\":\"section\",\"props\":{\"image\":\"wp-content\\\/uploads\\\/2021\\\/08\\\/Eoluz-project-Terrendis-NV-03.jpg\",\"image_position\":\"center-center\",\"image_size\":\"cover\",\"style\":\"default\",\"title_breakpoint\":\"xl\",\"title_position\":\"top-left\",\"title_rotation\":\"left\",\"vertical_align\":\"\",\"width\":\"default\"},\"children\":[{\"type\":\"row\",\"props\":{\"layout\":\"1-2,1-2\"},\"children\":[{\"type\":\"column\",\"props\":{\"image_position\":\"center-center\",\"position_sticky_breakpoint\":\"m\",\"width_medium\":\"1-2\"}},{\"type\":\"column\",\"props\":{\"class\":\"envi\",\"image_position\":\"center-center\",\"position_sticky_breakpoint\":\"m\",\"style\":\"tile-default\",\"width_medium\":\"1-2\"},\"children\":[{\"type\":\"headline\",\"props\":{\"content\":\"Une industrie respectueuse de l'environnement\",\"title_element\":\"h1\"}},{\"type\":\"text\",\"props\":{\"column_breakpoint\":\"m\",\"content\":\"\n\n<p>Notre usine participe activement \\u00e0 la r\\u00e9duction de notre empreinte carbone. Une installation de 932 panneaux photovolta\\u00efques de 1600m2 nous permet de produire de l'\\u00e9lectricit\\u00e9 propre et \\\"verte\\\" pour assurer la production de nos canalisations hyper flexibles pr\\u00e9-isol\\u00e9es.<\\\/p>\",\"margin\":\"default\"}}]}]}]},{\"type\":\"section\",\"props\":{\"image_position\":\"center-center\",\"style\":\"default\",\"title_breakpoint\":\"xl\",\"title_position\":\"top-left\",\"title_rotation\":\"left\",\"vertical_align\":\"\",\"width\":\"default\"},\"children\":[{\"type\":\"row\",\"props\":{\"layout\":\"1-2,1-2\"},\"children\":[{\"type\":\"column\",\"props\":{\"image_position\":\"center-center\",\"position_sticky_breakpoint\":\"m\",\"vertical_align\":\"middle\",\"width_medium\":\"1-2\"},\"children\":[{\"type\":\"text\",\"props\":{\"column_breakpoint\":\"m\",\"content\":\"\n\n<p>Chez Terrendis, notre objectif principal est de r\\u00e9pondre le plus rapidement et le plus simplement possible \\u00e0 nos clients, en tenant compte de leurs besoins sp\\u00e9cifiques.<\\\/p>\\n\n\n<p>Cela nous permet d'entretenir une relation de confiance solide et durable.<\\\/p>\",\"margin\":\"default\"}}]},{\"type\":\"column\",\"props\":{\"image_position\":\"center-center\",\"position_sticky_breakpoint\":\"m\",\"vertical_align\":\"middle\",\"width_medium\":\"1-2\"},\"children\":[{\"type\":\"button\",\"props\":{\"grid_column_gap\":\"small\",\"grid_row_gap\":\"small\",\"margin\":\"default\",\"text_align\":\"center\"},\"children\":[{\"type\":\"button_item\",\"props\":{\"button_style\":\"default\",\"content\":\"Parlez-nous de votre projet\",\"dialog_layout\":\"modal\",\"dialog_offcanvas_flip\":true,\"icon_align\":\"left\",\"link\":\"fr\\\/contact\\\/\"}}]}]}]}]}],\"version\":\"4.5.0\"} --><\/p>\n","protected":false},"excerpt":{"rendered":"<p>A propos de nous Terrendis NV est membre d&rsquo;Elydan, leader europ\u00e9en dans la fabrication de solutions de distribution d&rsquo;\u00e9nergie. Notre soci\u00e9t\u00e9 s&rsquo;appellera bient\u00f4t Elydan, mais nous continuerons \u00e0 promouvoir notre syst\u00e8me de canalisations pr\u00e9-isol\u00e9es sous la marque Terrendis. Ce que nous faisons Terrendis est enti\u00e8rement d\u00e9di\u00e9e \u00e0 la fabrication et \u00e0 la commercialisation d&rsquo;une gamme [&hellip;]<\/p>\n","protected":false},"author":1,"featured_media":0,"parent":0,"menu_order":0,"comment_status":"closed","ping_status":"closed","template":"","meta":{"_acf_changed":false,"_seopress_robots_primary_cat":"","_seopress_titles_title":"","_seopress_titles_desc":"","_seopress_robots_index":"","footnotes":""},"class_list":["post-1162","page","type-page","status-publish","hentry"],"acf":[],"_links":{"self":[{"href":"https:\/\/terrendis.com\/fr\/wp-json\/wp\/v2\/pages\/1162","targetHints":{"allow":["GET"]}}],"collection":[{"href":"https:\/\/terrendis.com\/fr\/wp-json\/wp\/v2\/pages"}],"about":[{"href":"https:\/\/terrendis.com\/fr\/wp-json\/wp\/v2\/types\/page"}],"author":[{"embeddable":true,"href":"https:\/\/terrendis.com\/fr\/wp-json\/wp\/v2\/users\/1"}],"replies":[{"embeddable":true,"href":"https:\/\/terrendis.com\/fr\/wp-json\/wp\/v2\/comments?post=1162"}],"version-history":[{"count":21,"href":"https:\/\/terrendis.com\/fr\/wp-json\/wp\/v2\/pages\/1162\/revisions"}],"predecessor-version":[{"id":2359,"href":"https:\/\/terrendis.com\/fr\/wp-json\/wp\/v2\/pages\/1162\/revisions\/2359"}],"wp:attachment":[{"href":"https:\/\/terrendis.com\/fr\/wp-json\/wp\/v2\/media?parent=1162"}],"curies":[{"name":"wp","href":"https:\/\/api.w.org\/{rel}","templated":true}]}}