{"id":1149,"date":"2021-09-07T13:31:44","date_gmt":"2021-09-07T11:31:44","guid":{"rendered":"https:\/\/terrendis.ovh\/terrendis-pre-insulated-flexible-tubes-manufacturer\/"},"modified":"2024-01-17T09:09:36","modified_gmt":"2024-01-17T08:09:36","slug":"terrendis-fabricant-de-tubes-pre-isoles-hyperflexibles","status":"publish","type":"page","link":"https:\/\/terrendis.com\/fr\/","title":{"rendered":"Terrendis fabricant de tubes pr\u00e9-isol\u00e9s hyperflexibles"},"content":{"rendered":"<ul>\n<li>\n<p>        <img decoding=\"async\" src=\"\/wp-content\/uploads\/2022\/06\/durability.jpg\" alt=\"D\u00e9veloppement durable\"><\/p>\n<h2>D\u00e9veloppement durable<\/h2>\n<\/li>\n<li>\n<p>        <img decoding=\"async\" src=\"\/wp-content\/uploads\/2022\/06\/reactivity.jpg\" alt=\"R\u00e9activit\u00e9\"><\/p>\n<h2>R\u00e9activit\u00e9<\/h2>\n<\/li>\n<li>\n<p>        <img decoding=\"async\" src=\"\/wp-content\/uploads\/2022\/07\/teamwork-terrendis.jpg\" alt=\"Esprit d\u2019\u00e9quipe\"><\/p>\n<h2>Esprit d\u2019\u00e9quipe<\/h2>\n<\/li>\n<li>\n<p>        <img decoding=\"async\" src=\"\/wp-content\/uploads\/2022\/07\/quality-terrendis.jpg\" alt=\"Qualit\u00e9\"><\/p>\n<h2>Qualit\u00e9<\/h2>\n<\/li>\n<li>\n<p>        <img decoding=\"async\" src=\"\/wp-content\/uploads\/2022\/07\/customized-solutions-terrendis.jpg\" alt=\"Solutions sur mesure\"><\/p>\n<h2>Solutions sur mesure<\/h2>\n<\/li>\n<\/ul>\n<ul>\n<li>\n<p>        <img decoding=\"async\" src=\"\/wp-content\/uploads\/2022\/06\/durability.jpg\" alt=\"D\u00e9veloppement durable\"><\/p>\n<h2>D\u00e9veloppement durable<\/h2>\n<\/li>\n<li>\n<p>        <img decoding=\"async\" src=\"\/wp-content\/uploads\/2022\/06\/reactivity.jpg\" alt=\"R\u00e9activit\u00e9\"><\/p>\n<h2>R\u00e9activit\u00e9<\/h2>\n<\/li>\n<li>\n<p>        <img decoding=\"async\" src=\"\/wp-content\/uploads\/2022\/07\/teamwork-terrendis.jpg\" alt=\"Esprit d\u2019\u00e9quipe\"><\/p>\n<h2>Esprit d\u2019\u00e9quipe<\/h2>\n<\/li>\n<li>\n<p>        <img decoding=\"async\" src=\"\/wp-content\/uploads\/2022\/07\/quality-terrendis.jpg\" alt=\"Qualit\u00e9\"><\/p>\n<h2>Qualit\u00e9<\/h2>\n<\/li>\n<li>\n<p>        <img decoding=\"async\" src=\"\/wp-content\/uploads\/2022\/07\/customized-solutions-terrendis.jpg\" alt=\"Solutions sur mesure\"><\/p>\n<h2>Solutions sur mesure<\/h2>\n<\/li>\n<\/ul>\n<ul>\n<li>\n<h3>+40<\/h3>\n<p>Pays<\/p>\n<\/li>\n<li>\n<h3>+3.000.000<\/h3>\n<p>m\u00e8tres de tubes isol\u00e9s<\/p>\n<\/li>\n<li>\n<h3>+100<\/h3>\n<p>km de tubes en stock<\/p>\n<\/li>\n<\/ul>\n<h2>La solution parfaite pour votre syst\u00e8me de distribution d&rsquo;\u00e9nergie<\/h2>\n<div>\n<p>Face \u00e0 l&rsquo;urgence de r\u00e9duire au maximum les \u00e9missions de CO<sub>2<\/sub> dans l\u2019atmosph\u00e8re, la technologie des r\u00e9seaux de chaleur devient de plus en plus importante. L&rsquo;augmentation de la demande en \u00e9nergies renouvelables, un rendement plus \u00e9lev\u00e9 et des temp\u00e9ratures plus basses font augmenter les exigences sur les r\u00e9seaux de chaleur hyper flexibles. Les canalisations Terrendis\u00ae associent une efficacit\u00e9 \u00e9nerg\u00e9tique optimale \u00e0 une fonctionnalit\u00e9 exceptionnelle pour desservir les r\u00e9seaux de chaleur \u00e0 basse temp\u00e9rature. Nos produits contribuent \u00e0 l\u2019am\u00e9lioration des performances des infrastructures r\u00e9seaux et b\u00e2timents de demain.<\/p>\n<\/div>\n<p><img decoding=\"async\" src=\"\/wp-content\/uploads\/2022\/06\/Schema-FR.png\" alt=\"\"><\/p>\n<div>\n<p>Terrendis se consacre enti\u00e8rement \u00e0 la fabrication et \u00e0 la commercialisation d&rsquo;une gamme compl\u00e8te de syst\u00e8mes de canalisations en plastique pr\u00e9-isol\u00e9es hautement flexibles (tuyaux et accessoires), principalement destin\u00e9s au transport d&rsquo;eau de chauffage, d&rsquo;eau chaude sanitaire, d&rsquo;eau potable, d&rsquo;eau de refroidissement, d&rsquo;eaux us\u00e9es ou d&rsquo;autres fluides, dans des r\u00e9seaux de distribution souterrains.<\/p>\n<p>Nous pouvons r\u00e9pondre aux besoins sp\u00e9cifiques de nos clients plus rapidement et plus facilement, et de mani\u00e8re plus cibl\u00e9e. Nous pouvons travailler plus \u00e9troitement avec eux, en prenant plus de responsabilit\u00e9s et en r\u00e9alisant plus de d\u00e9veloppement, ce qui nous permet de construire des alliances solides et fructueuses.<\/p>\n<p>La situation centrale de notre toute nouvelle implantation, notre m\u00e9thode de production innovante, ainsi que notre strat\u00e9gie de distribution de proximit\u00e9, garantissent la flexibilit\u00e9 n\u00e9cessaire pour servir au mieux nos clients finaux.<\/p>\n<\/div>\n<h2><span>Trouvez les tubes pr\u00e9-isol\u00e9s parfaits pour vos projets par application<\/span><\/h2>\n<ul>\n<li>\n<p>        <img decoding=\"async\" src=\"\/wp-content\/uploads\/2021\/09\/Heating.png\" alt=\"\"><\/p>\n<h3>Chauffage<\/h3>\n<p><a href=\"\/fr\/categorie-produit\/chauffage\/\"><\/a><\/p>\n<\/li>\n<li>\n<p>        <img decoding=\"async\" src=\"\/wp-content\/uploads\/2021\/09\/Sanitary.png\" alt=\"\"><\/p>\n<h3>Sanitaire<\/h3>\n<p><a href=\"\/fr\/categorie-produit\/sanitaire\/\"><\/a><\/p>\n<\/li>\n<li>\n<p>        <img decoding=\"async\" src=\"\/wp-content\/uploads\/2021\/09\/cold-and-cooling.png\" alt=\"\"><\/p>\n<h3>Froid + Refroidissement<\/h3>\n<p><a href=\"\/fr\/categorie-produit\/froid-refroidissement\/\"><\/a><\/p>\n<\/li>\n<li>\n<p>        <img decoding=\"async\" src=\"\/wp-content\/uploads\/2021\/09\/Heating-and-sanitary.png\" alt=\"\"><\/p>\n<h3>Quadruple + Pompe \u00e0 chaleur<\/h3>\n<p><a href=\"\/fr\/categorie-produit\/quadruple-et-pompe-a-chaleur\/\"><\/a><\/p>\n<\/li>\n<li>\n<p>        <img decoding=\"async\" src=\"\/wp-content\/uploads\/2021\/09\/accessories.png\" alt=\"\"><\/p>\n<h3>Accessoires<\/h3>\n<p><a href=\"\/fr\/accessories\/\"><\/a><\/p>\n<\/li>\n<\/ul>\n<h3>Galerie de photos<\/h3>\n<ul>\n<li>\n<p>        <img decoding=\"async\" src=\"\/wp-content\/uploads\/2022\/07\/Foto-website-2_11zon-scaled.jpg\" alt=\"\"><\/p>\n<\/li>\n<li>\n<p>        <img decoding=\"async\" src=\"\/wp-content\/uploads\/2022\/07\/Foto-website-4_11zon.jpg\" alt=\"\"><\/p>\n<\/li>\n<li>\n<p>        <img decoding=\"async\" src=\"\/wp-content\/uploads\/2022\/07\/Foto-website-4cis_11zon-scaled.jpg\" alt=\"\"><\/p>\n<\/li>\n<li>\n<p>        <img decoding=\"async\" src=\"\/wp-content\/uploads\/2022\/07\/Foto-website-6_11zon-scaled.jpg\" alt=\"\"><\/p>\n<\/li>\n<li>\n<p>        <img decoding=\"async\" src=\"\/wp-content\/uploads\/2022\/07\/Foto-website-8_11zon-scaled.jpg\" alt=\"\"><\/p>\n<\/li>\n<li>\n<p>        <img decoding=\"async\" src=\"\/wp-content\/uploads\/2022\/07\/Foto-website-10_11zon-scaled.jpg\" alt=\"\"><\/p>\n<\/li>\n<li>\n<p>        <img decoding=\"async\" src=\"\/wp-content\/uploads\/2022\/07\/Foto-website-11_11zon-scaled.jpg\" alt=\"\"><\/p>\n<\/li>\n<li>\n<p>        <img decoding=\"async\" src=\"\/wp-content\/uploads\/2022\/07\/Foto-website-14_11zon-scaled.jpg\" alt=\"\"><\/p>\n<\/li>\n<li>\n<p>        <img decoding=\"async\" src=\"\/wp-content\/uploads\/2022\/07\/Foto-website-15_11zon-scaled.jpg\" alt=\"\"><\/p>\n<\/li>\n<li>\n<p>        <img decoding=\"async\" src=\"\/wp-content\/uploads\/2022\/07\/Foto-website-16_11zon-scaled.jpg\" alt=\"\"><\/p>\n<\/li>\n<li>\n<p>        <img decoding=\"async\" src=\"\/wp-content\/uploads\/2022\/07\/Foto-website-18_11zon-scaled.jpg\" alt=\"\"><\/p>\n<\/li>\n<li>\n<p>        <img decoding=\"async\" src=\"\/wp-content\/uploads\/2022\/07\/Foto-website-21_11zon-scaled.jpg\" alt=\"\"><\/p>\n<\/li>\n<li>\n<p>        <img decoding=\"async\" src=\"\/wp-content\/uploads\/2022\/07\/Foto-website-28_11zon-scaled.jpg\" alt=\"\"><\/p>\n<\/li>\n<li>\n<p>        <img decoding=\"async\" src=\"\/wp-content\/uploads\/2022\/06\/Foto-website-30.jpg\" alt=\"\"><\/p>\n<\/li>\n<li>\n<p>        <img decoding=\"async\" src=\"\/wp-content\/uploads\/2022\/06\/Foto-website-33.jpg\" alt=\"\"><\/p>\n<\/li>\n<\/ul>\n<p><!--more--><br \/>\n<!-- {\"type\":\"layout\",\"children\":[{\"name\":\"Hero\",\"type\":\"section\",\"props\":{\"image_position\":\"center-center\",\"overlap\":false,\"padding\":\"none\",\"padding_remove_top\":false,\"preserve_color\":true,\"style\":\"default\",\"title_breakpoint\":\"xl\",\"title_position\":\"top-left\",\"title_rotation\":\"left\",\"vertical_align\":\"middle\",\"width\":\"\"},\"children\":[{\"type\":\"row\",\"children\":[{\"type\":\"column\",\"props\":{\"image_position\":\"center-center\",\"position_sticky_breakpoint\":\"m\",\"width_medium\":\"1-1\"},\"children\":[{\"type\":\"slideshow\",\"props\":{\"link_margin\":\"large\",\"link_style\":\"text\",\"link_target\":false,\"link_text\":\"Read more\",\"margin\":\"default\",\"margin_remove_bottom\":true,\"meta_align\":\"above-title\",\"meta_element\":\"div\",\"meta_style\":\"text-meta\",\"nav\":\"dotnav\",\"nav_align\":\"center\",\"nav_below\":false,\"nav_breakpoint\":\"xl\",\"nav_position\":\"bottom-center\",\"nav_position_margin\":\"medium\",\"overlay_animation\":\"parallax\",\"overlay_margin\":\"none\",\"overlay_padding\":\"large\",\"overlay_position\":\"bottom-right\",\"overlay_style\":\"tile-default\",\"overlay_width\":\"xlarge\",\"show_content\":true,\"show_link\":true,\"show_meta\":true,\"show_thumbnail\":true,\"show_title\":true,\"slidenav\":\"bottom-left\",\"slidenav_breakpoint\":\"m\",\"slidenav_large\":true,\"slidenav_margin\":\"\",\"slidenav_outside_breakpoint\":\"xl\",\"slideshow_animation\":\"fade\",\"slideshow_autoplay\":true,\"slideshow_autoplay_pause\":false,\"slideshow_height\":\"full\",\"slideshow_min_height\":\"600\",\"thumbnav_height\":\"75\",\"thumbnav_svg_color\":\"emphasis\",\"thumbnav_width\":\"100\",\"title_element\":\"h2\",\"title_margin\":\"small\",\"title_style\":\"h1\",\"visibility\":\"s\"},\"children\":[{\"type\":\"slideshow_item\",\"props\":{\"image\":\"wp-content\\\/uploads\\\/2022\\\/06\\\/durability.jpg\",\"image_alt\":\"D\\u00e9veloppement durable\",\"meta\":\"\",\"title\":\"D\\u00e9veloppement durable\"}},{\"type\":\"slideshow_item\",\"props\":{\"image\":\"wp-content\\\/uploads\\\/2022\\\/06\\\/reactivity.jpg\",\"image_alt\":\"R\\u00e9activit\\u00e9\",\"meta\":\"\",\"title\":\"R\\u00e9activit\\u00e9\"}},{\"type\":\"slideshow_item\",\"props\":{\"image\":\"wp-content\\\/uploads\\\/2022\\\/07\\\/teamwork-terrendis.jpg\",\"image_alt\":\"Esprit d\\u2019\\u00e9quipe\",\"meta\":\"\",\"title\":\"Esprit d\\u2019\\u00e9quipe\"}},{\"type\":\"slideshow_item\",\"props\":{\"image\":\"wp-content\\\/uploads\\\/2022\\\/07\\\/quality-terrendis.jpg\",\"image_alt\":\"Qualit\\u00e9\",\"meta\":\"\",\"title\":\"Qualit\\u00e9\"}},{\"type\":\"slideshow_item\",\"props\":{\"image\":\"wp-content\\\/uploads\\\/2022\\\/07\\\/customized-solutions-terrendis.jpg\",\"image_alt\":\"Solutions sur mesure\",\"meta\":\"\",\"title\":\"Solutions sur mesure\"}}]},{\"type\":\"slideshow\",\"props\":{\"link_margin\":\"large\",\"link_style\":\"text\",\"link_target\":false,\"link_text\":\"Read more\",\"margin\":\"default\",\"meta_align\":\"above-title\",\"meta_element\":\"div\",\"meta_style\":\"text-meta\",\"nav\":\"dotnav\",\"nav_align\":\"center\",\"nav_below\":false,\"nav_breakpoint\":\"xl\",\"nav_position\":\"bottom-center\",\"nav_position_margin\":\"medium\",\"overlay_animation\":\"parallax\",\"overlay_margin\":\"none\",\"overlay_padding\":\"large\",\"overlay_position\":\"bottom-right\",\"overlay_style\":\"tile-default\",\"overlay_width\":\"xlarge\",\"show_content\":true,\"show_link\":true,\"show_meta\":true,\"show_thumbnail\":true,\"show_title\":true,\"slidenav\":\"bottom-left\",\"slidenav_breakpoint\":\"m\",\"slidenav_large\":true,\"slidenav_margin\":\"\",\"slidenav_outside_breakpoint\":\"xl\",\"slideshow_animation\":\"fade\",\"slideshow_autoplay\":true,\"slideshow_autoplay_pause\":false,\"slideshow_min_height\":\"400\",\"thumbnav_height\":\"75\",\"thumbnav_svg_color\":\"emphasis\",\"thumbnav_width\":\"100\",\"title_element\":\"h2\",\"title_margin\":\"small\",\"visibility\":\"hidden-s\"},\"children\":[{\"type\":\"slideshow_item\",\"props\":{\"image\":\"wp-content\\\/uploads\\\/2022\\\/06\\\/durability.jpg\",\"image_alt\":\"D\\u00e9veloppement durable\",\"meta\":\"\",\"title\":\"D\\u00e9veloppement durable\"}},{\"type\":\"slideshow_item\",\"props\":{\"image\":\"wp-content\\\/uploads\\\/2022\\\/06\\\/reactivity.jpg\",\"image_alt\":\"R\\u00e9activit\\u00e9\",\"meta\":\"\",\"title\":\"R\\u00e9activit\\u00e9\"}},{\"type\":\"slideshow_item\",\"props\":{\"image\":\"wp-content\\\/uploads\\\/2022\\\/07\\\/teamwork-terrendis.jpg\",\"image_alt\":\"Esprit d\\u2019\\u00e9quipe\",\"meta\":\"\",\"title\":\"Esprit d\\u2019\\u00e9quipe\"}},{\"type\":\"slideshow_item\",\"props\":{\"image\":\"wp-content\\\/uploads\\\/2022\\\/07\\\/quality-terrendis.jpg\",\"image_alt\":\"Qualit\\u00e9\",\"meta\":\"\",\"title\":\"Qualit\\u00e9\"}},{\"type\":\"slideshow_item\",\"props\":{\"image\":\"wp-content\\\/uploads\\\/2022\\\/07\\\/customized-solutions-terrendis.jpg\",\"image_alt\":\"Solutions sur mesure\",\"meta\":\"\",\"title\":\"Solutions sur mesure\"}}]}]}]}]},{\"type\":\"section\",\"props\":{\"image_position\":\"center-center\",\"style\":\"muted\",\"title_breakpoint\":\"xl\",\"title_position\":\"top-left\",\"title_rotation\":\"left\",\"vertical_align\":\"middle\",\"width\":\"default\"},\"children\":[{\"type\":\"row\",\"children\":[{\"type\":\"column\",\"props\":{\"image_position\":\"center-center\",\"position_sticky_breakpoint\":\"m\"},\"children\":[{\"type\":\"grid\",\"props\":{\"content_column_breakpoint\":\"m\",\"filter_align\":\"left\",\"filter_all\":true,\"filter_grid_breakpoint\":\"m\",\"filter_grid_width\":\"auto\",\"filter_position\":\"top\",\"filter_style\":\"tab\",\"grid_default\":\"1\",\"grid_medium\":\"3\",\"icon_width\":80,\"image_align\":\"top\",\"image_grid_breakpoint\":\"m\",\"image_grid_width\":\"1-2\",\"image_svg_color\":\"emphasis\",\"item_animation\":true,\"link_style\":\"default\",\"link_text\":\"Read more\",\"margin\":\"default\",\"meta_align\":\"below-title\",\"meta_element\":\"div\",\"meta_style\":\"h5\",\"parallax_easing\":\"1\",\"show_content\":true,\"show_image\":false,\"show_link\":false,\"show_meta\":true,\"show_title\":true,\"text_align\":\"center\",\"title_align\":\"top\",\"title_element\":\"h3\",\"title_grid_breakpoint\":\"m\",\"title_grid_width\":\"1-2\",\"title_hover_style\":\"reset\",\"title_style\":\"heading-medium\"},\"children\":[{\"type\":\"grid_item\",\"props\":{\"meta\":\"Pays\",\"title\":\"+40\"}},{\"type\":\"grid_item\",\"props\":{\"meta\":\"m\\u00e8tres de tubes isol\\u00e9s\",\"title\":\"+3.000.000\"}},{\"type\":\"grid_item\",\"props\":{\"meta\":\"km de tubes en stock\",\"title\":\"+100\"}}]}]}]}],\"name\":\"COUNTER SECTION\"},{\"type\":\"section\",\"props\":{\"image_position\":\"center-center\",\"style\":\"default\",\"title_breakpoint\":\"xl\",\"title_position\":\"top-left\",\"title_rotation\":\"left\",\"vertical_align\":\"middle\",\"width\":\"default\"},\"children\":[{\"type\":\"row\",\"children\":[{\"type\":\"column\",\"props\":{\"image_position\":\"center-center\",\"position_sticky_breakpoint\":\"m\"},\"children\":[{\"type\":\"headline\",\"props\":{\"content\":\"La solution parfaite pour votre syst\\u00e8me de distribution d'\\u00e9nergie\",\"title_decoration\":\"bullet\",\"title_element\":\"h2\"}},{\"type\":\"text\",\"props\":{\"column_breakpoint\":\"m\",\"content\":\"\n\n<p>Face \\u00e0 l'urgence de r\\u00e9duire au maximum les \\u00e9missions de CO<sub>2<\\\/sub> dans l\\u2019atmosph\\u00e8re, la technologie des r\\u00e9seaux de chaleur devient de plus en plus importante. L'augmentation de la demande en \\u00e9nergies renouvelables, un rendement plus \\u00e9lev\\u00e9 et des temp\\u00e9ratures plus basses font augmenter les exigences sur les r\\u00e9seaux de chaleur hyper flexibles. Les canalisations Terrendis\\u00ae associent une efficacit\\u00e9 \\u00e9nerg\\u00e9tique optimale \\u00e0 une fonctionnalit\\u00e9 exceptionnelle pour desservir les r\\u00e9seaux de chaleur \\u00e0 basse temp\\u00e9rature. Nos produits contribuent \\u00e0 l\\u2019am\\u00e9lioration des performances des infrastructures r\\u00e9seaux et b\\u00e2timents de demain.<\\\/p>\",\"margin\":\"default\"}},{\"type\":\"image\",\"props\":{\"image\":\"wp-content\\\/uploads\\\/2022\\\/06\\\/Schema-FR.png\",\"image_svg_color\":\"emphasis\",\"margin\":\"default\"}},{\"type\":\"text\",\"props\":{\"column\":\"1-2\",\"column_breakpoint\":\"m\",\"content\":\"\n\n<p>Terrendis se consacre enti\\u00e8rement \\u00e0 la fabrication et \\u00e0 la commercialisation d'une gamme compl\\u00e8te de syst\\u00e8mes de canalisations en plastique pr\\u00e9-isol\\u00e9es hautement flexibles (tuyaux et accessoires), principalement destin\\u00e9s au transport d'eau de chauffage, d'eau chaude sanitaire, d'eau potable, d'eau de refroidissement, d'eaux us\\u00e9es ou d'autres fluides, dans des r\\u00e9seaux de distribution souterrains.<\\\/p>\\n\n\n<p>Nous pouvons r\\u00e9pondre aux besoins sp\\u00e9cifiques de nos clients plus rapidement et plus facilement, et de mani\\u00e8re plus cibl\\u00e9e. Nous pouvons travailler plus \\u00e9troitement avec eux, en prenant plus de responsabilit\\u00e9s et en r\\u00e9alisant plus de d\\u00e9veloppement, ce qui nous permet de construire des alliances solides et fructueuses.<\\\/p>\\n\n\n<p>La situation centrale de notre toute nouvelle implantation, notre m\\u00e9thode de production innovante, ainsi que notre strat\\u00e9gie de distribution de proximit\\u00e9, garantissent la flexibilit\\u00e9 n\\u00e9cessaire pour servir au mieux nos clients finaux.<\\\/p>\",\"margin\":\"default\"}}]}]},{\"type\":\"row\",\"children\":[{\"type\":\"column\",\"props\":{\"image_position\":\"center-center\",\"position_sticky_breakpoint\":\"m\"},\"children\":[{\"type\":\"headline\",\"props\":{\"content\":\"<span>Trouvez les tubes pr\\u00e9-isol\\u00e9s parfaits pour vos projets par application<\\\/span>\",\"title_decoration\":\"bullet\",\"title_element\":\"h2\"}},{\"type\":\"panel-slider\",\"props\":{\"content_column_breakpoint\":\"m\",\"icon_width\":80,\"image_align\":\"top\",\"image_grid_breakpoint\":\"m\",\"image_grid_width\":\"1-2\",\"image_link\":true,\"image_svg_color\":\"emphasis\",\"link_style\":\"default\",\"link_text\":\"\",\"margin\":\"default\",\"meta_align\":\"below-title\",\"meta_element\":\"div\",\"meta_style\":\"text-meta\",\"nav\":\"dotnav\",\"nav_align\":\"center\",\"nav_breakpoint\":\"s\",\"panel_card_match\":true,\"panel_card_offset\":true,\"panel_image_no_padding\":false,\"panel_link\":false,\"panel_padding\":\"default\",\"panel_style\":\"card-default\",\"show_content\":false,\"show_image\":true,\"show_link\":true,\"show_meta\":false,\"show_title\":true,\"slidenav\":\"outside\",\"slidenav_breakpoint\":\"xl\",\"slidenav_margin\":\"medium\",\"slidenav_outside_breakpoint\":\"xl\",\"slider_autoplay_pause\":true,\"slider_gap\":\"default\",\"slider_width\":\"fixed\",\"slider_width_default\":\"1-1\",\"slider_width_medium\":\"1-5\",\"slider_width_small\":\"1-2\",\"text_align\":\"center\",\"title_align\":\"top\",\"title_element\":\"h3\",\"title_grid_breakpoint\":\"m\",\"title_grid_width\":\"1-2\",\"title_hover_style\":\"reset\",\"title_link\":true,\"title_style\":\"h5\"},\"children\":[{\"type\":\"panel-slider_item\",\"props\":{\"image\":\"wp-content\\\/uploads\\\/2021\\\/09\\\/Heating.png\",\"link\":\"fr\\\/categorie-produit\\\/chauffage\\\/\",\"title\":\"Chauffage\"}},{\"type\":\"panel-slider_item\",\"props\":{\"image\":\"wp-content\\\/uploads\\\/2021\\\/09\\\/Sanitary.png\",\"link\":\"fr\\\/categorie-produit\\\/sanitaire\\\/\",\"title\":\"Sanitaire\"}},{\"type\":\"panel-slider_item\",\"props\":{\"image\":\"wp-content\\\/uploads\\\/2021\\\/09\\\/cold-and-cooling.png\",\"link\":\"fr\\\/categorie-produit\\\/froid-refroidissement\\\/\",\"title\":\"Froid + Refroidissement\"}},{\"type\":\"panel-slider_item\",\"props\":{\"image\":\"wp-content\\\/uploads\\\/2021\\\/09\\\/Heating-and-sanitary.png\",\"link\":\"fr\\\/categorie-produit\\\/quadruple-et-pompe-a-chaleur\\\/\",\"title\":\"Quadruple + Pompe \\u00e0 chaleur\"}},{\"type\":\"panel-slider_item\",\"props\":{\"image\":\"wp-content\\\/uploads\\\/2021\\\/09\\\/accessories.png\",\"link\":\"fr\\\/accessories\\\/\",\"title\":\"Accessoires\"}}]}]}],\"props\":{\"margin\":\"large\"}}]},{\"type\":\"section\",\"props\":{\"image_position\":\"center-center\",\"style\":\"default\",\"title_breakpoint\":\"xl\",\"title_position\":\"top-left\",\"title_rotation\":\"left\",\"vertical_align\":\"middle\",\"width\":\"\"},\"children\":[{\"type\":\"row\",\"props\":{\"width\":\"default\"},\"children\":[{\"type\":\"column\",\"props\":{\"image_position\":\"center-center\",\"position_sticky_breakpoint\":\"m\"},\"children\":[{\"type\":\"headline\",\"props\":{\"content\":\"Galerie de photos\",\"maxwidth\":\"large\",\"title_decoration\":\"bullet\",\"title_element\":\"h3\",\"title_style\":\"h2\"}}]}]},{\"type\":\"row\",\"children\":[{\"type\":\"column\",\"props\":{\"image_position\":\"center-center\",\"position_sticky_breakpoint\":\"m\"},\"children\":[{\"path\":\"elements\",\"name\":\"Overlay Slider Item Width Auto\",\"type\":\"overlay-slider\",\"props\":{\"id\":\"overlay-slider-item-width-auto\",\"image_height\":\"450\",\"link_style\":\"default\",\"link_text\":\"Read more\",\"margin\":\"default\",\"margin_remove_bottom\":true,\"meta_align\":\"below-title\",\"meta_element\":\"div\",\"meta_style\":\"text-meta\",\"nav\":\"dotnav\",\"nav_align\":\"center\",\"nav_breakpoint\":\"s\",\"nav_margin\":\"medium\",\"overlay_mode\":\"cover\",\"overlay_position\":\"center\",\"overlay_transition\":\"fade\",\"show_content\":true,\"show_hover_image\":true,\"show_link\":true,\"show_meta\":true,\"show_title\":true,\"slidenav\":\"default\",\"slidenav_breakpoint\":\"s\",\"slidenav_color\":\"light\",\"slidenav_hover\":true,\"slidenav_large\":false,\"slidenav_margin\":\"medium\",\"slidenav_outside_breakpoint\":\"xl\",\"slider_autoplay\":true,\"slider_autoplay_interval\":\"3\",\"slider_autoplay_pause\":true,\"slider_gap\":\"small\",\"slider_width\":\"\",\"slider_width_default\":\"1-1\",\"slider_width_medium\":\"1-3\",\"text_align\":\"center\",\"title_element\":\"h3\",\"title_hover_style\":\"reset\"},\"children\":[{\"type\":\"overlay-slider_item\",\"props\":{\"image\":\"wp-content\\\/uploads\\\/2022\\\/07\\\/Foto-website-2_11zon-scaled.jpg\"}},{\"type\":\"overlay-slider_item\",\"props\":{\"image\":\"wp-content\\\/uploads\\\/2022\\\/07\\\/Foto-website-4_11zon.jpg\"}},{\"type\":\"overlay-slider_item\",\"props\":{\"image\":\"wp-content\\\/uploads\\\/2022\\\/07\\\/Foto-website-4cis_11zon-scaled.jpg\"}},{\"type\":\"overlay-slider_item\",\"props\":{\"image\":\"wp-content\\\/uploads\\\/2022\\\/07\\\/Foto-website-6_11zon-scaled.jpg\"}},{\"type\":\"overlay-slider_item\",\"props\":{\"image\":\"wp-content\\\/uploads\\\/2022\\\/07\\\/Foto-website-8_11zon-scaled.jpg\"}},{\"type\":\"overlay-slider_item\",\"props\":{\"image\":\"wp-content\\\/uploads\\\/2022\\\/07\\\/Foto-website-10_11zon-scaled.jpg\"}},{\"type\":\"overlay-slider_item\",\"props\":{\"image\":\"wp-content\\\/uploads\\\/2022\\\/07\\\/Foto-website-11_11zon-scaled.jpg\"}},{\"type\":\"overlay-slider_item\",\"props\":{\"image\":\"wp-content\\\/uploads\\\/2022\\\/07\\\/Foto-website-14_11zon-scaled.jpg\"}},{\"type\":\"overlay-slider_item\",\"props\":{\"image\":\"wp-content\\\/uploads\\\/2022\\\/07\\\/Foto-website-15_11zon-scaled.jpg\"}},{\"type\":\"overlay-slider_item\",\"props\":{\"image\":\"wp-content\\\/uploads\\\/2022\\\/07\\\/Foto-website-16_11zon-scaled.jpg\"}},{\"type\":\"overlay-slider_item\",\"props\":{\"image\":\"wp-content\\\/uploads\\\/2022\\\/07\\\/Foto-website-18_11zon-scaled.jpg\"}},{\"type\":\"overlay-slider_item\",\"props\":{\"image\":\"wp-content\\\/uploads\\\/2022\\\/07\\\/Foto-website-21_11zon-scaled.jpg\"}},{\"type\":\"overlay-slider_item\",\"props\":{\"image\":\"wp-content\\\/uploads\\\/2022\\\/07\\\/Foto-website-28_11zon-scaled.jpg\"}},{\"type\":\"overlay-slider_item\",\"props\":{\"image\":\"wp-content\\\/uploads\\\/2022\\\/06\\\/Foto-website-30.jpg\"}},{\"type\":\"overlay-slider_item\",\"props\":{\"image\":\"wp-content\\\/uploads\\\/2022\\\/06\\\/Foto-website-33.jpg\"}}],\"meta\":{\"type\":\"overlay-slider\",\"website\":\"elements\",\"image\":\"https:\\\/\\\/downloads-yootheme.storage.googleapis.com\\\/library\\\/elements\\\/elements\\\/overlay-slider-item-width-auto.jpg\"},\"images\":[{\"src\":\"wp-content\\\/uploads\\\/overlay-slider-item-width-auto-01.jpg\",\"md5\":\"c4ac0b1c6b4e7599950d30e1c1e2629f\"},{\"src\":\"wp-content\\\/uploads\\\/overlay-slider-item-width-auto-02-1.jpg\",\"md5\":\"ba41cfb87997f64d938b94c8f0be7486\"},{\"src\":\"wp-content\\\/uploads\\\/overlay-slider-item-width-auto-03.jpg\",\"md5\":\"05af009ebd8b6c4b348964544f4b26ec\"},{\"src\":\"wp-content\\\/uploads\\\/overlay-slider-item-width-auto-04.jpg\",\"md5\":\"a64685d23e4bd4718c35d45c00395dd1\"},{\"src\":\"wp-content\\\/uploads\\\/overlay-slider-item-width-auto-05.jpg\",\"md5\":\"93cf4de7ae66b766041794c9341b8e56\"},{\"src\":\"wp-content\\\/uploads\\\/overlay-slider-item-width-auto-06.jpg\",\"md5\":\"333309292bc997a6958e9cc6e9366611\"}]}]}]}],\"name\":\"PHOTO GALLERY\"}],\"version\":\"4.2.11\"} --><\/p>\n","protected":false},"excerpt":{"rendered":"<p>D\u00e9veloppement durable R\u00e9activit\u00e9 Esprit d\u2019\u00e9quipe Qualit\u00e9 Solutions sur mesure D\u00e9veloppement durable R\u00e9activit\u00e9 Esprit d\u2019\u00e9quipe Qualit\u00e9 Solutions sur mesure +40 Pays +3.000.000 m\u00e8tres de tubes isol\u00e9s +100 km de tubes en stock La solution parfaite pour votre syst\u00e8me de distribution d&rsquo;\u00e9nergie Face \u00e0 l&rsquo;urgence de r\u00e9duire au maximum les \u00e9missions de CO2 dans l\u2019atmosph\u00e8re, la technologie [&hellip;]<\/p>\n","protected":false},"author":1,"featured_media":0,"parent":0,"menu_order":0,"comment_status":"closed","ping_status":"closed","template":"","meta":{"_acf_changed":false,"_seopress_robots_primary_cat":"","_seopress_titles_title":"","_seopress_titles_desc":"","_seopress_robots_index":"","footnotes":""},"class_list":["post-1149","page","type-page","status-publish","hentry"],"acf":[],"_links":{"self":[{"href":"https:\/\/terrendis.com\/fr\/wp-json\/wp\/v2\/pages\/1149","targetHints":{"allow":["GET"]}}],"collection":[{"href":"https:\/\/terrendis.com\/fr\/wp-json\/wp\/v2\/pages"}],"about":[{"href":"https:\/\/terrendis.com\/fr\/wp-json\/wp\/v2\/types\/page"}],"author":[{"embeddable":true,"href":"https:\/\/terrendis.com\/fr\/wp-json\/wp\/v2\/users\/1"}],"replies":[{"embeddable":true,"href":"https:\/\/terrendis.com\/fr\/wp-json\/wp\/v2\/comments?post=1149"}],"version-history":[{"count":64,"href":"https:\/\/terrendis.com\/fr\/wp-json\/wp\/v2\/pages\/1149\/revisions"}],"predecessor-version":[{"id":2227,"href":"https:\/\/terrendis.com\/fr\/wp-json\/wp\/v2\/pages\/1149\/revisions\/2227"}],"wp:attachment":[{"href":"https:\/\/terrendis.com\/fr\/wp-json\/wp\/v2\/media?parent=1149"}],"curies":[{"name":"wp","href":"https:\/\/api.w.org\/{rel}","templated":true}]}}