{"id":2076,"date":"2021-08-16T19:23:12","date_gmt":"2021-08-16T19:23:12","guid":{"rendered":"https:\/\/terrendis.com\/accessories\/"},"modified":"2022-12-03T12:36:34","modified_gmt":"2022-12-03T11:36:34","slug":"zubehor","status":"publish","type":"page","link":"https:\/\/terrendis.com\/de\/zubehor\/","title":{"rendered":"Zubeh\u00f6r"},"content":{"rendered":"<h1>Zubeh\u00f6r<\/h1>\n<h2>Zubeh\u00f6r f\u00fcr vorged\u00e4mmte Rohre<\/h2>\n<div>\n<p>Unsere breite Auswahl an Verbindern und Zubeh\u00f6r von Terrendis bietet Ihnen eine Komplettl\u00f6sung f\u00fcr die Verbindung des Energieverteilungssystems von Geb\u00e4uden.<\/p>\n<\/div>\n<ul>\n<li>\n<p>        <img decoding=\"async\" src=\"\/wp-content\/uploads\/2021\/08\/PE-X-terminal-connectors.jpg\" alt=\"\"><\/p>\n<h3>Verbinder<\/h3>\n<div>\n<p>Speziell entwickelte Verbinder f\u00fcr problemlosen Anschluss an alle nachgeschalteten Rohrleitungen.<\/p>\n<\/div>\n<p><a href=\"\/de\/zubehor\/verbinder\/\">Produktsuche<\/a><\/p>\n<\/li>\n<li>\n<p>        <img decoding=\"async\" src=\"\/wp-content\/uploads\/2021\/09\/T-insulation-kit.jpg\" alt=\"\"><\/p>\n<h3>Isoliers\u00e4tze<\/h3>\n<div>\n<p>Unsere Isolationss\u00e4tze erm\u00f6glichen die Ausf\u00fchrungen komplexerer W\u00e4rmenetze.<\/p>\n<\/div>\n<p><a href=\"\/de\/zubehor\/isoliersaetze\/\">Produktsuche<\/a><\/p>\n<\/li>\n<li>\n<p>        <img decoding=\"async\" src=\"\/wp-content\/uploads\/2021\/08\/Ring-seal.jpg\" alt=\"\"><\/p>\n<h3>Sonstige<\/h3>\n<div>\n<p>Zubeh\u00f6r f\u00fcr die Gew\u00e4hrleistung der wasserdichten Installation erdverlegter Leitungsnetze.<\/p>\n<\/div>\n<p><a href=\"\/de\/zubehor\/sonstige\/\">Produktsuche<\/a><\/p>\n<\/li>\n<\/ul>\n<p><!--more--><br \/>\n<!-- {\"name\":\"Product category archive\",\"type\":\"layout\",\"children\":[{\"type\":\"section\",\"props\":{\"image_position\":\"center-center\",\"overlap\":false,\"preserve_color\":false,\"style\":\"secondary\",\"title_breakpoint\":\"xl\",\"title_position\":\"top-left\",\"title_rotation\":\"left\",\"vertical_align\":\"middle\",\"width\":\"default\"},\"children\":[{\"type\":\"row\",\"children\":[{\"type\":\"column\",\"props\":{\"image_position\":\"center-center\",\"media_overlay_gradient\":\"\",\"position_sticky_breakpoint\":\"m\"},\"children\":[{\"type\":\"headline\",\"props\":{\"content\":\"Zubeh\\u00f6r\",\"title_element\":\"h1\"}},{\"type\":\"breadcrumbs\",\"props\":{\"show_current\":true,\"show_home\":true}}]}]}]},{\"type\":\"section\",\"props\":{\"image_position\":\"center-center\",\"style\":\"default\",\"title_breakpoint\":\"xl\",\"title_position\":\"top-left\",\"title_rotation\":\"left\",\"vertical_align\":\"middle\",\"width\":\"default\"},\"children\":[{\"type\":\"row\",\"children\":[{\"type\":\"column\",\"props\":{\"image_position\":\"center-center\",\"media_overlay_gradient\":\"\",\"position_sticky_breakpoint\":\"m\",\"width_medium\":\"\"},\"children\":[{\"type\":\"headline\",\"props\":{\"content\":\"Zubeh\\u00f6r f\\u00fcr vorged\\u00e4mmte Rohre\",\"title_decoration\":\"bullet\",\"title_element\":\"h2\"}},{\"type\":\"text\",\"props\":{\"column_breakpoint\":\"m\",\"content\":\"\n\n<p>Unsere breite Auswahl an Verbindern und Zubeh\\u00f6r von Terrendis bietet Ihnen eine Komplettl\\u00f6sung f\\u00fcr die Verbindung des Energieverteilungssystems von Geb\\u00e4uden.<\\\/p>\",\"margin\":\"default\"}}]}]}]},{\"type\":\"section\",\"props\":{\"image_position\":\"center-center\",\"style\":\"default\",\"title_breakpoint\":\"xl\",\"title_position\":\"top-left\",\"title_rotation\":\"left\",\"vertical_align\":\"middle\",\"width\":\"default\"},\"children\":[{\"type\":\"row\",\"children\":[{\"type\":\"column\",\"props\":{\"image_position\":\"center-center\",\"media_overlay_gradient\":\"\",\"position_sticky_breakpoint\":\"m\"},\"children\":[{\"type\":\"panel-slider\",\"props\":{\"content_column_breakpoint\":\"m\",\"icon_width\":80,\"image_align\":\"top\",\"image_grid_breakpoint\":\"m\",\"image_grid_width\":\"1-2\",\"image_svg_color\":\"emphasis\",\"link_style\":\"text\",\"link_text\":\"View product\",\"margin\":\"default\",\"meta_align\":\"below-title\",\"meta_element\":\"div\",\"meta_style\":\"text-meta\",\"nav\":\"dotnav\",\"nav_align\":\"center\",\"nav_breakpoint\":\"s\",\"panel_card_match\":true,\"panel_card_offset\":true,\"panel_image_no_padding\":true,\"panel_padding\":\"default\",\"panel_style\":\"card-default\",\"show_content\":true,\"show_image\":true,\"show_link\":true,\"show_meta\":true,\"show_title\":true,\"slidenav\":\"default\",\"slidenav_breakpoint\":\"xl\",\"slidenav_margin\":\"\",\"slidenav_outside_breakpoint\":\"xl\",\"slider_autoplay_pause\":true,\"slider_divider\":false,\"slider_gap\":\"default\",\"slider_width\":\"fixed\",\"slider_width_default\":\"1-1\",\"slider_width_medium\":\"1-3\",\"title_align\":\"top\",\"title_element\":\"h3\",\"title_grid_breakpoint\":\"m\",\"title_grid_width\":\"1-2\",\"title_hover_style\":\"reset\",\"title_link\":true},\"children\":[{\"type\":\"panel-slider_item\",\"props\":{\"content\":\"\n\n<p>Speziell entwickelte Verbinder f\\u00fcr problemlosen Anschluss an alle nachgeschalteten Rohrleitungen.<\\\/p>\",\"image\":\"wp-content\\\/uploads\\\/2021\\\/08\\\/PE-X-terminal-connectors.jpg\",\"link\":\"de\\\/zubehor\\\/verbinder\\\/\",\"link_text\":\"Produktsuche\",\"title\":\"Verbinder\"}},{\"type\":\"panel-slider_item\",\"props\":{\"content\":\"\n\n<p>Unsere Isolationss\\u00e4tze erm\\u00f6glichen die Ausf\\u00fchrungen komplexerer W\\u00e4rmenetze.<\\\/p>\",\"image\":\"wp-content\\\/uploads\\\/2021\\\/09\\\/T-insulation-kit.jpg\",\"link\":\"de\\\/zubehor\\\/isoliersaetze\\\/\",\"link_text\":\"Produktsuche\",\"title\":\"Isoliers\\u00e4tze\"}},{\"type\":\"panel-slider_item\",\"props\":{\"content\":\"\n\n<p>Zubeh\\u00f6r f\\u00fcr die Gew\\u00e4hrleistung der wasserdichten Installation erdverlegter Leitungsnetze.<\\\/p>\",\"image\":\"wp-content\\\/uploads\\\/2021\\\/08\\\/Ring-seal.jpg\",\"link\":\"de\\\/zubehor\\\/sonstige\\\/\",\"link_text\":\"Produktsuche\",\"title\":\"Sonstige\"}}]}]}]}]}],\"version\":\"3.0.14\"} --><\/p>\n","protected":false},"excerpt":{"rendered":"<p>Zubeh\u00f6r Zubeh\u00f6r f\u00fcr vorged\u00e4mmte Rohre Unsere breite Auswahl an Verbindern und Zubeh\u00f6r von Terrendis bietet Ihnen eine Komplettl\u00f6sung f\u00fcr die Verbindung des Energieverteilungssystems von Geb\u00e4uden. Verbinder Speziell entwickelte Verbinder f\u00fcr problemlosen Anschluss an alle nachgeschalteten Rohrleitungen. Produktsuche Isoliers\u00e4tze Unsere Isolationss\u00e4tze erm\u00f6glichen die Ausf\u00fchrungen komplexerer W\u00e4rmenetze. Produktsuche Sonstige Zubeh\u00f6r f\u00fcr die Gew\u00e4hrleistung der wasserdichten Installation erdverlegter [&hellip;]<\/p>\n","protected":false},"author":1,"featured_media":0,"parent":0,"menu_order":0,"comment_status":"closed","ping_status":"closed","template":"","meta":{"_acf_changed":false,"_seopress_robots_primary_cat":"","_seopress_titles_title":"","_seopress_titles_desc":"","_seopress_robots_index":"","footnotes":""},"class_list":["post-2076","page","type-page","status-publish","hentry"],"acf":[],"_links":{"self":[{"href":"https:\/\/terrendis.com\/de\/wp-json\/wp\/v2\/pages\/2076","targetHints":{"allow":["GET"]}}],"collection":[{"href":"https:\/\/terrendis.com\/de\/wp-json\/wp\/v2\/pages"}],"about":[{"href":"https:\/\/terrendis.com\/de\/wp-json\/wp\/v2\/types\/page"}],"author":[{"embeddable":true,"href":"https:\/\/terrendis.com\/de\/wp-json\/wp\/v2\/users\/1"}],"replies":[{"embeddable":true,"href":"https:\/\/terrendis.com\/de\/wp-json\/wp\/v2\/comments?post=2076"}],"version-history":[{"count":10,"href":"https:\/\/terrendis.com\/de\/wp-json\/wp\/v2\/pages\/2076\/revisions"}],"predecessor-version":[{"id":2192,"href":"https:\/\/terrendis.com\/de\/wp-json\/wp\/v2\/pages\/2076\/revisions\/2192"}],"wp:attachment":[{"href":"https:\/\/terrendis.com\/de\/wp-json\/wp\/v2\/media?parent=2076"}],"curies":[{"name":"wp","href":"https:\/\/api.w.org\/{rel}","templated":true}]}}