{"id":2065,"date":"2021-08-11T11:51:20","date_gmt":"2021-08-11T11:51:20","guid":{"rendered":"https:\/\/terrendis.com\/about-us\/"},"modified":"2026-03-05T11:47:10","modified_gmt":"2026-03-05T10:47:10","slug":"uber-uns","status":"publish","type":"page","link":"https:\/\/terrendis.com\/de\/uber-uns\/","title":{"rendered":"\u00dcber uns"},"content":{"rendered":"<h2>\u00dcber uns<\/h2>\n<div>\n<p>Terrendis NV ist Mitglied von Elydan, einem europ\u00e4ischen Marktf\u00fchrer in der Herstellung von L\u00f6sungen f\u00fcr die Energieverteilung.<br \/>\nUnser Firmenname wird in K\u00fcrze in Elydan ge\u00e4ndert, aber wir werden unser vorisoliertes Rohrleitungssystem weiterhin unter der Marke Terrendis vermarkten.\n<\/p>\n<\/div>\n<h2>Was wir tun<\/h2>\n<div>\n<p>Terrendis hat sich ganz der Herstellung und Vermarktung eines kompletten Sortiments vorged\u00e4mmter hyperflexibler Rohrl\u00f6sungen (Rohre und Zubeh\u00f6r) verschrieben, die haupts\u00e4chlich f\u00fcr den Transport von Heizwasser, Warmwasser, K\u00fchlwasser, kaltem Trinkwasser, Abw\u00e4sser und sonstigen Fluiden in unterirdischen Leitungsnetzen bestimmt sind.<\/p>\n<\/div>\n<h3>Heizung<\/h3>\n<div>\n<p>Das Sortiment im Heizungsbereich besteht aus einer Reihe hyperflexibler vorged\u00e4mmter Einzel-, Doppel- oder Vierfachrohre. Die Mediumrohre sind aus vernetztem Polyethylen PE-Xa hergestellt und mit einer orangefarbenen (Vorlauf) oder blauen (R\u00fccklauf) Sauerstoff-Diffusionssperre ausgestattet.<\/p>\n<\/div>\n<p><p>\n        <a href=\"\/de\/produktkategorie\/heizung\/\">Rohre f\u00fcr Heizungsanwendungen<\/a>\n    <\/p>\n<\/p>\n<h3>Sanit\u00e4r<\/h3>\n<div>\n<p>Das Sortiment hyperflexibler vorged\u00e4mmter Rohrsysteme ist f\u00fcr die Verteilung von Warmwasser und Trinkwasser in \u00f6ffentlichen Leitungsnetzen und in h\u00e4uslichen Anwendungen entwickelt worden.<\/p>\n<\/div>\n<p><p>\n        <a href=\"\/de\/produktkategorie\/sanitar\/\">Rohre f\u00fcr sanit\u00e4re Anwendungen<\/a>\n    <\/p>\n<\/p>\n<h3>K\u00fchlung<\/h3>\n<div>\n<p>Das Sortiment hyperflexibler vorged\u00e4mmter Rohre im K\u00fchlungsbereich kann f\u00fcr die Trinkwasserversorgung und Klimatisierungsnetze genutzt werden.<\/p>\n<\/div>\n<p><p>\n        <a href=\"\/de\/produktkategorie\/kalte-kuhlung\/\">Rohre f\u00fcr K\u00fchlungsanwendungen<\/a>\n    <\/p>\n<\/p>\n<h3>Erneuerbare Energien<\/h3>\n<div>\n<p>Die hyperflexiblen vorged\u00e4mmten Rohre sind ideal f\u00fcr Anwendungen im Bereich der erneuerbaren Energien wie geothermische W\u00e4rmepumpen, Holz- und Pelletkessel, Biomasse und Biogas.<\/p>\n<\/div>\n<p><p>\n        <a href=\"\/de\/produktkategorie\/vierfachrohr-und-warmepumpe\/\">Rohrsysteme f\u00fcr Anwendungen bei erneuerbaren Energien<\/a>\n    <\/p>\n<\/p>\n<h2>Terrendis ist f\u00fcr Sie da!<\/h2>\n<div>\n<p>Terrendis bringt die erforderliche Reaktionsschnelligkeit, Erfahrung und Expertise mit, um den Markt optimal zu bedienen.<\/p>\n<ul>\n<li>Mehr als 50 Jahre Erfahrung in der Extrusion von Kunststoffleitungen, mehr als 10 Jahre Know-how in vorged\u00e4mmten Rohrleitungsl\u00f6sungen.<\/li>\n<li>Kundenbetreuungsteam f\u00fcr Leitungsnetzentwicklung, Produktauswahl und Systemoptimierung.<\/li>\n<li>Verf\u00fcgbarkeit technischer Experten f\u00fcr die Schulung vor Ort und Installationsunterst\u00fctzung.<\/li>\n<li>M\u00f6glichkeit, benutzerdefinierte vorged\u00e4mmte Rohre herzustellen<\/li>\n<li>Nachhaltige Fertigung, Produkte und L\u00f6sungen<\/li>\n<\/ul>\n<\/div>\n<h1>Eine umweltfreundliche Industrie<\/h1>\n<div>\n<p>Unser Werk tr\u00e4gt aktiv zur Dekarbonisierung bei. Eine Installation von 932 Fotovoltaikzellen von 1.600 m\u00b2 erm\u00f6glicht uns die Erzeugung sauberer \u201egr\u00fcner\u201c Elektrizit\u00e4t f\u00fcr die Herstellung unserer vorged\u00e4mmten hyperflexiblen Rohre.<\/p>\n<\/div>\n<div>\n<p>Bei Terrendis haben wir uns das Ziel gesetzt, schneller und besser auf unsere Kunden zu reagieren und dabei auf ihre besonderen Bed\u00fcrfnisse einzugehen.<\/p>\n<p>So k\u00f6nnen wir auf ein festes gegenseitiges Vertrauensverh\u00e4ltnis bauen, das sowohl uns als auch ihnen zugute kommt.<\/p>\n<\/div>\n<p><p>\n        <a href=\"https:\/\/terrendis.com\/de\/kontakt\/\">Reden wir doch mal \u00fcber Ihr Projekt.<\/a>\n    <\/p>\n<\/p>\n<p><!--more--><br \/>\n<!-- {\"name\":\"ABOUT US V2 07 07 2022\",\"type\":\"layout\",\"children\":[{\"type\":\"section\",\"props\":{\"height\":\"viewport\",\"height_offset_top\":true,\"height_viewport\":80,\"image\":\"wp-content\\\/uploads\\\/2021\\\/08\\\/usine-terrendis.jpg\",\"image_position\":\"center-center\",\"style\":\"default\",\"title_breakpoint\":\"xl\",\"title_position\":\"top-left\",\"title_rotation\":\"left\",\"vertical_align\":\"middle\",\"width\":\"default\"},\"children\":[{\"type\":\"row\",\"props\":{\"layout\":\"1-2,1-2\",\"margin\":\"remove-vertical\",\"margin_remove_bottom\":false},\"children\":[{\"type\":\"column\",\"props\":{\"image_position\":\"center-center\",\"position_sticky_breakpoint\":\"m\",\"vertical_align\":\"middle\",\"width_medium\":\"1-2\"}},{\"type\":\"column\",\"props\":{\"image_position\":\"center-center\",\"position_sticky_breakpoint\":\"m\",\"vertical_align\":\"middle\",\"width_medium\":\"1-2\"}}]}]},{\"type\":\"section\",\"props\":{\"image_position\":\"center-center\",\"padding_remove_bottom\":false,\"padding_remove_top\":false,\"style\":\"default\",\"title_breakpoint\":\"xl\",\"title_position\":\"top-left\",\"title_rotation\":\"left\",\"vertical_align\":\"\",\"width\":\"default\"},\"children\":[{\"type\":\"row\",\"props\":{\"layout\":\"1-2,1-2\"},\"children\":[{\"type\":\"column\",\"props\":{\"image_position\":\"center-center\",\"position_sticky_breakpoint\":\"m\",\"width_medium\":\"1-2\"},\"children\":[{\"type\":\"headline\",\"props\":{\"content\":\"\\u00dcber uns\",\"margin_remove_top\":true,\"maxwidth\":\"2xlarge\",\"title_decoration\":\"bullet\",\"title_element\":\"h2\"}},{\"type\":\"text\",\"props\":{\"column_breakpoint\":\"m\",\"content\":\"\n\n<p>Terrendis ist eine Tochtergesellschaft von Endralis, einem europ\\u00e4ischen Marktf\\u00fchrer in der Herstellung von Energieverteilungsl\\u00f6sungen.<\\\/p>\",\"margin\":\"default\"}}]},{\"type\":\"column\",\"props\":{\"image_position\":\"center-center\",\"position_sticky_breakpoint\":\"m\",\"width_medium\":\"1-2\"},\"children\":[{\"type\":\"headline\",\"props\":{\"content\":\"Was wir tun\",\"margin_remove_top\":true,\"maxwidth\":\"2xlarge\",\"title_decoration\":\"bullet\",\"title_element\":\"h2\"}},{\"type\":\"text\",\"props\":{\"column_breakpoint\":\"m\",\"content\":\"\n\n<p>Terrendis hat sich ganz der Herstellung und Vermarktung eines kompletten Sortiments vorged\\u00e4mmter hyperflexibler Rohrl\\u00f6sungen (Rohre und Zubeh\\u00f6r) verschrieben, die haupts\\u00e4chlich f\\u00fcr den Transport von Heizwasser, Warmwasser, K\\u00fchlwasser, kaltem Trinkwasser, Abw\\u00e4sser und sonstigen Fluiden in unterirdischen Leitungsnetzen bestimmt sind.<\\\/p>\",\"margin\":\"default\"}}]}]}]},{\"name\":\"Residences\",\"type\":\"section\",\"props\":{\"animation\":\"slide-left-small\",\"animation_delay\":false,\"image_position\":\"top-center\",\"padding_remove_top\":false,\"style\":\"default\",\"title_breakpoint\":\"xl\",\"title_position\":\"top-left\",\"title_rotation\":\"left\",\"vertical_align\":\"\",\"width\":\"\"},\"children\":[{\"type\":\"row\",\"props\":{\"column_gap\":\"collapse\",\"layout\":\"1-2,1-2\",\"margin\":\"remove-vertical\",\"row_gap\":\"collapse\"},\"children\":[{\"type\":\"column\",\"props\":{\"css\":\".el-column {\\n\\tmin-height: 500px;\\n}\",\"image\":\"wp-content\\\/uploads\\\/2021\\\/08\\\/feu.jpg\",\"image_height\":\"910\",\"image_position\":\"center-center\",\"image_size\":\"cover\",\"image_width\":\"1300\",\"position_sticky_breakpoint\":\"m\",\"width_large\":\"1-2\"}},{\"type\":\"column\",\"props\":{\"image_height\":\"910\",\"image_position\":\"center-center\",\"image_size\":\"cover\",\"image_width\":\"1300\",\"padding\":\"large\",\"position_sticky_breakpoint\":\"m\",\"style\":\"tile-muted\",\"width_large\":\"1-2\"},\"children\":[{\"type\":\"headline\",\"props\":{\"block_align\":\"center\",\"content\":\"Heizung\",\"maxwidth\":\"large\",\"title_element\":\"h3\"}},{\"type\":\"text\",\"props\":{\"block_align\":\"center\",\"column_breakpoint\":\"m\",\"content\":\"\n\n<p>Das Sortiment im Heizungsbereich besteht aus einer Reihe hyperflexibler vorged\\u00e4mmter Einzel-, Doppel- oder Vierfachrohre. Die Mediumrohre sind aus vernetztem Polyethylen PE-Xa hergestellt und mit einer orangefarbenen (Vorlauf) oder blauen (R\\u00fccklauf) Sauerstoff-Diffusionssperre ausgestattet.<\\\/p>\",\"margin\":\"\",\"maxwidth\":\"large\",\"text_align\":\"justify\"}},{\"type\":\"button\",\"props\":{\"block_align\":\"center\",\"fullwidth\":false,\"grid_column_gap\":\"small\",\"grid_row_gap\":\"small\",\"margin\":\"medium\",\"maxwidth\":\"large\"},\"children\":[{\"type\":\"button_item\",\"props\":{\"button_style\":\"default\",\"content\":\"Rohre f\\u00fcr Heizungsanwendungen\",\"dialog_layout\":\"modal\",\"dialog_offcanvas_flip\":true,\"icon_align\":\"left\",\"link\":\"de\\\/produktkategorie\\\/heizung\\\/\"}}]}]}]},{\"type\":\"row\",\"props\":{\"column_gap\":\"collapse\",\"layout\":\"1-2,1-2\",\"margin\":\"remove-vertical\",\"row_gap\":\"collapse\"},\"children\":[{\"type\":\"column\",\"props\":{\"css\":\".el-column {\\n\\tmin-height: 500px;\\n}\",\"image\":\"wp-content\\\/uploads\\\/2021\\\/08\\\/eau.jpg\",\"image_height\":\"910\",\"image_position\":\"center-center\",\"image_size\":\"cover\",\"image_width\":\"1300\",\"position_sticky_breakpoint\":\"m\",\"width_large\":\"1-2\"}},{\"type\":\"column\",\"props\":{\"image_height\":\"910\",\"image_position\":\"center-center\",\"image_size\":\"cover\",\"image_width\":\"1300\",\"order_first\":\"l\",\"padding\":\"large\",\"position_sticky_breakpoint\":\"m\",\"style\":\"tile-muted\",\"width_large\":\"1-2\"},\"children\":[{\"type\":\"headline\",\"props\":{\"block_align\":\"center\",\"content\":\"Sanit\\u00e4r\",\"maxwidth\":\"large\",\"title_element\":\"h3\"}},{\"type\":\"text\",\"props\":{\"block_align\":\"center\",\"column_breakpoint\":\"m\",\"content\":\"\n\n<p>Das Sortiment hyperflexibler vorged\\u00e4mmter Rohrsysteme ist f\\u00fcr die Verteilung von Warmwasser und Trinkwasser in \\u00f6ffentlichen Leitungsnetzen und in h\\u00e4uslichen Anwendungen entwickelt worden.<\\\/p>\",\"margin\":\"\",\"maxwidth\":\"large\",\"text_align\":\"justify\"}},{\"type\":\"button\",\"props\":{\"block_align\":\"center\",\"fullwidth\":false,\"grid_column_gap\":\"small\",\"grid_row_gap\":\"small\",\"margin\":\"medium\",\"maxwidth\":\"large\"},\"children\":[{\"type\":\"button_item\",\"props\":{\"button_style\":\"default\",\"content\":\"Rohre f\\u00fcr sanit\\u00e4re Anwendungen\",\"dialog_layout\":\"modal\",\"dialog_offcanvas_flip\":true,\"icon_align\":\"left\",\"link\":\"de\\\/produktkategorie\\\/sanitar\\\/\"}}]}]}]},{\"type\":\"row\",\"props\":{\"column_gap\":\"collapse\",\"layout\":\"1-2,1-2\",\"margin\":\"remove-vertical\",\"row_gap\":\"collapse\"},\"children\":[{\"type\":\"column\",\"props\":{\"css\":\".el-column {\\n\\tmin-height: 500px;\\n}\",\"image\":\"wp-content\\\/uploads\\\/2021\\\/08\\\/glace.jpg\",\"image_height\":\"910\",\"image_position\":\"center-center\",\"image_size\":\"cover\",\"image_width\":\"1300\",\"position_sticky_breakpoint\":\"m\",\"width_large\":\"1-2\"}},{\"type\":\"column\",\"props\":{\"image_height\":\"910\",\"image_position\":\"center-center\",\"image_size\":\"cover\",\"image_width\":\"1300\",\"padding\":\"large\",\"position_sticky_breakpoint\":\"m\",\"style\":\"tile-muted\",\"width_large\":\"1-2\"},\"children\":[{\"type\":\"headline\",\"props\":{\"block_align\":\"center\",\"content\":\"K\\u00fchlung\",\"maxwidth\":\"large\",\"title_element\":\"h3\"}},{\"type\":\"text\",\"props\":{\"block_align\":\"center\",\"column_breakpoint\":\"m\",\"content\":\"\n\n<p>Das Sortiment hyperflexibler vorged\\u00e4mmter Rohre im K\\u00fchlungsbereich kann f\\u00fcr die Trinkwasserversorgung und Klimatisierungsnetze genutzt werden.<\\\/p>\",\"margin\":\"\",\"maxwidth\":\"large\",\"text_align\":\"justify\"}},{\"type\":\"button\",\"props\":{\"block_align\":\"center\",\"fullwidth\":false,\"grid_column_gap\":\"small\",\"grid_row_gap\":\"small\",\"margin\":\"medium\",\"maxwidth\":\"large\"},\"children\":[{\"type\":\"button_item\",\"props\":{\"button_style\":\"default\",\"content\":\"Rohre f\\u00fcr K\\u00fchlungsanwendungen\",\"dialog_layout\":\"modal\",\"dialog_offcanvas_flip\":true,\"icon_align\":\"left\",\"link\":\"de\\\/produktkategorie\\\/kalte-kuhlung\\\/\"}}]}]}]},{\"type\":\"row\",\"props\":{\"column_gap\":\"collapse\",\"layout\":\"1-2,1-2\",\"margin\":\"xlarge\",\"margin_remove_top\":true,\"row_gap\":\"collapse\"},\"children\":[{\"type\":\"column\",\"props\":{\"css\":\".el-column {\\n\\tmin-height: 500px;\\n}\",\"image\":\"wp-content\\\/uploads\\\/2021\\\/08\\\/field.jpg\",\"image_height\":\"910\",\"image_position\":\"center-center\",\"image_size\":\"cover\",\"image_width\":\"1300\",\"position_sticky_breakpoint\":\"m\",\"width_large\":\"1-2\"}},{\"type\":\"column\",\"props\":{\"image_height\":\"910\",\"image_position\":\"center-center\",\"image_size\":\"cover\",\"image_width\":\"1300\",\"order_first\":\"l\",\"padding\":\"large\",\"position_sticky_breakpoint\":\"m\",\"style\":\"tile-muted\",\"width_large\":\"1-2\"},\"children\":[{\"type\":\"headline\",\"props\":{\"block_align\":\"center\",\"content\":\"Erneuerbare Energien\",\"maxwidth\":\"large\",\"title_element\":\"h3\"}},{\"type\":\"text\",\"props\":{\"block_align\":\"center\",\"column_breakpoint\":\"m\",\"content\":\"\n\n<p>Die hyperflexiblen vorged\\u00e4mmten Rohre sind ideal f\\u00fcr Anwendungen im Bereich der erneuerbaren Energien wie geothermische W\\u00e4rmepumpen, Holz- und Pelletkessel, Biomasse und Biogas.<\\\/p>\",\"margin\":\"\",\"maxwidth\":\"large\",\"text_align\":\"justify\"}},{\"type\":\"button\",\"props\":{\"block_align\":\"center\",\"fullwidth\":false,\"grid_column_gap\":\"small\",\"grid_row_gap\":\"small\",\"margin\":\"medium\",\"maxwidth\":\"large\"},\"children\":[{\"type\":\"button_item\",\"props\":{\"button_style\":\"default\",\"content\":\"Rohrsysteme f\\u00fcr Anwendungen bei erneuerbaren Energien\",\"dialog_layout\":\"modal\",\"dialog_offcanvas_flip\":true,\"icon_align\":\"left\",\"link\":\"de\\\/produktkategorie\\\/vierfachrohr-und-warmepumpe\\\/\"}}]}]}]},{\"type\":\"row\",\"props\":{\"margin\":\"xlarge\",\"margin_remove_top\":true,\"width\":\"small\"},\"children\":[{\"type\":\"column\",\"props\":{\"image_position\":\"center-center\",\"position_sticky_breakpoint\":\"m\",\"width_medium\":\"1-1\"},\"children\":[{\"type\":\"headline\",\"props\":{\"content\":\"Terrendis ist f\\u00fcr Sie da!\",\"margin_remove_top\":true,\"maxwidth\":\"2xlarge\",\"title_decoration\":\"bullet\",\"title_element\":\"h2\"}},{\"type\":\"text\",\"props\":{\"column_breakpoint\":\"m\",\"content\":\"\n\n<p>Terrendis bringt die erforderliche Reaktionsschnelligkeit, Erfahrung und Expertise mit, um den Markt optimal zu bedienen.<\\\/p>\\n\n\n<ul>\\n\n\n<li>Mehr als 50 Jahre Erfahrung in der Extrusion von Kunststoffleitungen, mehr als 10 Jahre Know-how in vorged\\u00e4mmten Rohrleitungsl\\u00f6sungen.<\\\/li>\\n\n\n<li>Kundenbetreuungsteam f\\u00fcr Leitungsnetzentwicklung, Produktauswahl und Systemoptimierung.<\\\/li>\\n\n\n<li>Verf\\u00fcgbarkeit technischer Experten f\\u00fcr die Schulung vor Ort und Installationsunterst\\u00fctzung.<\\\/li>\\n\n\n<li>M\\u00f6glichkeit, benutzerdefinierte vorged\\u00e4mmte Rohre herzustellen<\\\/li>\\n\n\n<li>Nachhaltige Fertigung, Produkte und L\\u00f6sungen<\\\/li>\\n<\\\/ul>\",\"margin\":\"default\"}}]}]}]},{\"type\":\"section\",\"props\":{\"image_position\":\"center-center\",\"status\":\"disabled\",\"style\":\"muted\",\"title_breakpoint\":\"xl\",\"title_position\":\"top-left\",\"title_rotation\":\"left\",\"vertical_align\":\"\",\"width\":\"default\"},\"children\":[{\"type\":\"row\",\"children\":[{\"type\":\"column\",\"props\":{\"image_position\":\"center-center\",\"position_sticky_breakpoint\":\"m\"},\"children\":[{\"type\":\"grid\",\"props\":{\"content_column_breakpoint\":\"m\",\"filter_align\":\"left\",\"filter_all\":true,\"filter_grid_breakpoint\":\"m\",\"filter_grid_width\":\"auto\",\"filter_position\":\"top\",\"filter_style\":\"tab\",\"grid_default\":\"1\",\"grid_medium\":\"3\",\"icon_width\":80,\"image_align\":\"top\",\"image_grid_breakpoint\":\"m\",\"image_grid_width\":\"1-2\",\"image_svg_color\":\"emphasis\",\"item_animation\":true,\"lightbox_bg_close\":true,\"link_style\":\"default\",\"link_text\":\"Read more\",\"margin\":\"default\",\"meta_align\":\"below-title\",\"meta_element\":\"div\",\"meta_style\":\"h5\",\"parallax_easing\":\"1\",\"show_content\":true,\"show_hover_image\":true,\"show_hover_video\":true,\"show_image\":false,\"show_link\":false,\"show_meta\":true,\"show_title\":true,\"show_video\":true,\"text_align\":\"center\",\"title_align\":\"top\",\"title_element\":\"h3\",\"title_grid_breakpoint\":\"m\",\"title_grid_width\":\"1-2\",\"title_hover_style\":\"reset\",\"title_style\":\"heading-medium\"},\"children\":[{\"type\":\"grid_item\",\"props\":{\"meta\":\"Mehr als 35 L\\u00e4nder\",\"title\":\"+35\"}},{\"type\":\"grid_item\",\"props\":{\"meta\":\"Mehr als 2 000 000 Meter isolierte Kabel\",\"title\":\"+2,000,000\"}},{\"type\":\"grid_item\",\"props\":{\"meta\":\"Mehvorr\\u00e4tigr als 100 km\",\"title\":\"+100\"}}]}]}]}],\"name\":\"COUNTER SECTION\"},{\"type\":\"section\",\"props\":{\"image\":\"wp-content\\\/uploads\\\/2021\\\/08\\\/Eoluz-project-Terrendis-NV-03.jpg\",\"image_position\":\"center-center\",\"image_size\":\"cover\",\"style\":\"default\",\"title_breakpoint\":\"xl\",\"title_position\":\"top-left\",\"title_rotation\":\"left\",\"vertical_align\":\"\",\"width\":\"default\"},\"children\":[{\"type\":\"row\",\"props\":{\"layout\":\"1-2,1-2\"},\"children\":[{\"type\":\"column\",\"props\":{\"image_position\":\"center-center\",\"position_sticky_breakpoint\":\"m\",\"width_medium\":\"1-2\"}},{\"type\":\"column\",\"props\":{\"class\":\"envi\",\"image_position\":\"center-center\",\"position_sticky_breakpoint\":\"m\",\"style\":\"tile-default\",\"width_medium\":\"1-2\"},\"children\":[{\"type\":\"headline\",\"props\":{\"content\":\"Eine umweltfreundliche Industrie\",\"title_element\":\"h1\"}},{\"type\":\"text\",\"props\":{\"column_breakpoint\":\"m\",\"content\":\"\n\n<p>Unser Werk tr\\u00e4gt aktiv zur Dekarbonisierung bei. Eine Installation von 932 Fotovoltaikzellen von 1.600 m\\u00b2 erm\\u00f6glicht uns die Erzeugung sauberer \\u201egr\\u00fcner\\u201c Elektrizit\\u00e4t f\\u00fcr die Herstellung unserer vorged\\u00e4mmten hyperflexiblen Rohre.<\\\/p>\",\"margin\":\"default\"}}]}]}]},{\"type\":\"section\",\"props\":{\"image_position\":\"center-center\",\"style\":\"default\",\"title_breakpoint\":\"xl\",\"title_position\":\"top-left\",\"title_rotation\":\"left\",\"vertical_align\":\"\",\"width\":\"default\"},\"children\":[{\"type\":\"row\",\"props\":{\"layout\":\"1-2,1-2\"},\"children\":[{\"type\":\"column\",\"props\":{\"image_position\":\"center-center\",\"position_sticky_breakpoint\":\"m\",\"vertical_align\":\"middle\",\"width_medium\":\"1-2\"},\"children\":[{\"type\":\"text\",\"props\":{\"column_breakpoint\":\"m\",\"content\":\"\n\n<p>Bei Terrendis haben wir uns das Ziel gesetzt, schneller und besser auf unsere Kunden zu reagieren und dabei auf ihre besonderen Bed\\u00fcrfnisse einzugehen.<\\\/p>\\n\n\n<p>So k\\u00f6nnen wir auf ein festes gegenseitiges Vertrauensverh\\u00e4ltnis bauen, das sowohl uns als auch ihnen zugute kommt.<\\\/p>\",\"margin\":\"default\"}}]},{\"type\":\"column\",\"props\":{\"image_position\":\"center-center\",\"position_sticky_breakpoint\":\"m\",\"vertical_align\":\"middle\",\"width_medium\":\"1-2\"},\"children\":[{\"type\":\"button\",\"props\":{\"grid_column_gap\":\"small\",\"grid_row_gap\":\"small\",\"margin\":\"default\",\"text_align\":\"center\"},\"children\":[{\"type\":\"button_item\",\"props\":{\"button_style\":\"default\",\"content\":\"Reden wir doch mal \\u00fcber Ihr Projekt.\",\"dialog_layout\":\"modal\",\"dialog_offcanvas_flip\":true,\"icon_align\":\"left\",\"link\":\"de\\\/kontakt\\\/\"}}]}]}]}]}],\"version\":\"4.5.0\"} --><\/p>\n","protected":false},"excerpt":{"rendered":"<p>\u00dcber uns Terrendis NV ist Mitglied von Elydan, einem europ\u00e4ischen Marktf\u00fchrer in der Herstellung von L\u00f6sungen f\u00fcr die Energieverteilung. Unser Firmenname wird in K\u00fcrze in Elydan ge\u00e4ndert, aber wir werden unser vorisoliertes Rohrleitungssystem weiterhin unter der Marke Terrendis vermarkten. Was wir tun Terrendis hat sich ganz der Herstellung und Vermarktung eines kompletten Sortiments vorged\u00e4mmter hyperflexibler [&hellip;]<\/p>\n","protected":false},"author":1,"featured_media":0,"parent":0,"menu_order":0,"comment_status":"closed","ping_status":"closed","template":"","meta":{"_acf_changed":false,"_seopress_robots_primary_cat":"","_seopress_titles_title":"","_seopress_titles_desc":"","_seopress_robots_index":"","footnotes":""},"class_list":["post-2065","page","type-page","status-publish","hentry"],"acf":[],"_links":{"self":[{"href":"https:\/\/terrendis.com\/de\/wp-json\/wp\/v2\/pages\/2065","targetHints":{"allow":["GET"]}}],"collection":[{"href":"https:\/\/terrendis.com\/de\/wp-json\/wp\/v2\/pages"}],"about":[{"href":"https:\/\/terrendis.com\/de\/wp-json\/wp\/v2\/types\/page"}],"author":[{"embeddable":true,"href":"https:\/\/terrendis.com\/de\/wp-json\/wp\/v2\/users\/1"}],"replies":[{"embeddable":true,"href":"https:\/\/terrendis.com\/de\/wp-json\/wp\/v2\/comments?post=2065"}],"version-history":[{"count":18,"href":"https:\/\/terrendis.com\/de\/wp-json\/wp\/v2\/pages\/2065\/revisions"}],"predecessor-version":[{"id":2357,"href":"https:\/\/terrendis.com\/de\/wp-json\/wp\/v2\/pages\/2065\/revisions\/2357"}],"wp:attachment":[{"href":"https:\/\/terrendis.com\/de\/wp-json\/wp\/v2\/media?parent=2065"}],"curies":[{"name":"wp","href":"https:\/\/api.w.org\/{rel}","templated":true}]}}