{"id":2048,"date":"2021-09-07T13:31:44","date_gmt":"2021-09-07T13:31:44","guid":{"rendered":"https:\/\/terrendis.com\/terrendis-pre-insulated-flexible-tubes-manufacturer\/"},"modified":"2024-01-17T09:09:56","modified_gmt":"2024-01-17T08:09:56","slug":"terrendis-pre-insulated-flexible-tubes-manufacturer","status":"publish","type":"page","link":"https:\/\/terrendis.com\/de\/","title":{"rendered":"Terrendis pre-insulated flexible tubes manufacturer"},"content":{"rendered":"<ul>\n<li>\n<p>        <img decoding=\"async\" src=\"\/wp-content\/uploads\/2022\/06\/durability.jpg\" alt=\"\"><\/p>\n<h2>nachhaltige Entwicklung<\/h2>\n<\/li>\n<li>\n<p>        <img decoding=\"async\" src=\"\/wp-content\/uploads\/2022\/06\/reactivity.jpg\" alt=\"\"><\/p>\n<h2>Reaktivit\u00e4t<\/h2>\n<\/li>\n<li>\n<p>        <img decoding=\"async\" src=\"\/wp-content\/uploads\/2022\/07\/teamwork-terrendis.jpg\" alt=\"\"><\/p>\n<h2>Teamarbeit<\/h2>\n<\/li>\n<li>\n<p>        <img decoding=\"async\" src=\"\/wp-content\/uploads\/2022\/07\/quality-terrendis.jpg\" alt=\"QUALITY\"><\/p>\n<h2>Qualit\u00e4t<\/h2>\n<\/li>\n<li>\n<p>        <img decoding=\"async\" src=\"\/wp-content\/uploads\/2022\/07\/customized-solutions-terrendis.jpg\" alt=\"Customized solutions\"><\/p>\n<h2>Ma\u00dfgeschneiderte L\u00f6sung<\/h2>\n<\/li>\n<\/ul>\n<ul>\n<li>\n<p>        <img decoding=\"async\" src=\"\/wp-content\/uploads\/2022\/06\/durability.jpg\" alt=\"\"><\/p>\n<h2>Sustainable development<\/h2>\n<\/li>\n<li>\n<p>        <img decoding=\"async\" src=\"\/wp-content\/uploads\/2022\/06\/reactivity.jpg\" alt=\"\"><\/p>\n<h2>Reactivity<\/h2>\n<\/li>\n<li>\n<p>        <img decoding=\"async\" src=\"\/wp-content\/uploads\/2022\/07\/teamwork-terrendis.jpg\" alt=\"\"><\/p>\n<h2>Teamwork<\/h2>\n<\/li>\n<li>\n<p>        <img decoding=\"async\" src=\"\/wp-content\/uploads\/2022\/07\/quality-terrendis.jpg\" alt=\"QUALITY\"><\/p>\n<h2>Quality<\/h2>\n<\/li>\n<li>\n<p>        <img decoding=\"async\" src=\"\/wp-content\/uploads\/2022\/07\/customized-solutions-terrendis.jpg\" alt=\"Customized solutions\"><\/p>\n<h2>Customized solutions<\/h2>\n<\/li>\n<\/ul>\n<ul>\n<li>\n<h3>+40<\/h3>\n<p>Zahlt<\/p>\n<\/li>\n<li>\n<h3>+3.000.000<\/h3>\n<p>Meter isolierte Kabel<\/p>\n<\/li>\n<li>\n<h3>+100<\/h3>\n<p>Mehvorr\u00e4tigr als 100 km<\/p>\n<\/li>\n<\/ul>\n<h2>Die perfekte L\u00f6sung f\u00fcr Ihr Energieversorgungssystem<\/h2>\n<div>\n<p style=\"text-align: left;\">Durch die dringende Notwendigkeit, C02-Emissionen soweit wie m\u00f6glich zu begrenzen, gewinnt W\u00e4rmenetztechnik immer mehr an Bedeutung. Mit der Nachfrage nach erneuerbarer Energie, h\u00f6herer Effizienz und niedrigeren Netztemperaturen steigen auch die Anforderungten an ein leistungsf\u00e4higes, hyperflexibles W\u00e4rmenetz-Rohrsystem. Terrendis\u00ae pipes kombiniert optimale Energieeffizienz mit hervorragender Funktionalit\u00e4t bei der Ausr\u00fcstung von Niedrigtemperatur-W\u00e4rmenetzen. Unsere Produkte tragen zu einer gr\u00f6\u00dferen Leistungsf\u00e4higkeit der Netzwerkinfrastruktur und der Geb\u00e4ude von morgen bei.<\/p>\n<\/div>\n<p><img decoding=\"async\" src=\"\/wp-content\/uploads\/2021\/09\/Terrendis-schema-white.jpg\" alt=\"\"><\/p>\n<div>\n<p>Terrendis hat sich ganz der Fertigung und Vermarktung einer umfassenden Palette von hochflexiblen vorged\u00e4mmten Kunststoffrohrsystemen (Rohre und Zubeh\u00f6r) verschrieben, die vor allem f\u00fcr den Transport von Heizwasser, sanit\u00e4rem Warmwasser, Trinkwasser, K\u00fchlwasser, Abw\u00e4ssern oder sonstigen Fluiden in erdverlegten Verteilnetzen bestimmt sind.<\/p>\n<p>Wir k\u00f6nnen auf die spezifischen Bed\u00fcrfnisse unserer Kunden schneller, einfacher und mit einem exakteren Fokus reagieren. Wir k\u00f6nnen enger mit ihnen zusammenarbeiten, indem wir mehr Verantwortung \u00fcbernehmen und mehr Entwicklung betreiben und so starke und erfolgreiche Kooperationen aufbauen.<\/p>\n<\/div>\n<h2>Hier finden Sie die idealen vorged\u00e4mmten Rohrl\u00f6sungen f\u00fcr Ihre Projekte nach Anwendungen<\/h2>\n<ul>\n<li>\n<p>        <img decoding=\"async\" src=\"\/wp-content\/uploads\/2021\/09\/Heating.png\" alt=\"\"><\/p>\n<h3>Heizung<\/h3>\n<p><a href=\"\/product-category\/heating\/\"><\/a><\/p>\n<\/li>\n<li>\n<p>        <img decoding=\"async\" src=\"\/wp-content\/uploads\/2021\/09\/Sanitary.png\" alt=\"\"><\/p>\n<h3>Sanit\u00e4r<\/h3>\n<p><a href=\"\/product-category\/sanitary\/\"><\/a><\/p>\n<\/li>\n<li>\n<p>        <img decoding=\"async\" src=\"\/wp-content\/uploads\/2021\/09\/cold-and-cooling.png\" alt=\"\"><\/p>\n<h3>Kaltwasser und K\u00fchlung<\/h3>\n<p><a href=\"\/product-category\/cold-cooling\/\"><\/a><\/p>\n<\/li>\n<li>\n<p>        <img decoding=\"async\" src=\"\/wp-content\/uploads\/2021\/09\/Heating-and-sanitary.png\" alt=\"\"><\/p>\n<h3>Vierfachrohr und W\u00e4rmepumpe<\/h3>\n<p><a href=\"\/product-category\/quadruple-heat-pump\/\"><\/a><\/p>\n<\/li>\n<li>\n<p>        <img decoding=\"async\" src=\"\/wp-content\/uploads\/2021\/09\/accessories.png\" alt=\"\"><\/p>\n<h3>Zubeh\u00f6r<\/h3>\n<p><a href=\"\/accessories\/\"><\/a><\/p>\n<\/li>\n<\/ul>\n<h3>Fotogalerie<\/h3>\n<ul>\n<li>\n<p>        <img decoding=\"async\" src=\"\/wp-content\/uploads\/2022\/07\/Foto-website-2_11zon-scaled.jpg\" alt=\"\"><\/p>\n<\/li>\n<li>\n<p>        <img decoding=\"async\" src=\"\/wp-content\/uploads\/2022\/07\/Foto-website-4_11zon.jpg\" alt=\"\"><\/p>\n<\/li>\n<li>\n<p>        <img decoding=\"async\" src=\"\/wp-content\/uploads\/2022\/07\/Foto-website-4cis_11zon-scaled.jpg\" alt=\"\"><\/p>\n<\/li>\n<li>\n<p>        <img decoding=\"async\" src=\"\/wp-content\/uploads\/2022\/07\/Foto-website-6_11zon-scaled.jpg\" alt=\"\"><\/p>\n<\/li>\n<li>\n<p>        <img decoding=\"async\" src=\"\/wp-content\/uploads\/2022\/07\/Foto-website-8_11zon-scaled.jpg\" alt=\"\"><\/p>\n<\/li>\n<li>\n<p>        <img decoding=\"async\" src=\"\/wp-content\/uploads\/2022\/07\/Foto-website-10_11zon-scaled.jpg\" alt=\"\"><\/p>\n<\/li>\n<li>\n<p>        <img decoding=\"async\" src=\"\/wp-content\/uploads\/2022\/07\/Foto-website-11_11zon-scaled.jpg\" alt=\"\"><\/p>\n<\/li>\n<li>\n<p>        <img decoding=\"async\" src=\"\/wp-content\/uploads\/2022\/07\/Foto-website-14_11zon-scaled.jpg\" alt=\"\"><\/p>\n<\/li>\n<li>\n<p>        <img decoding=\"async\" src=\"\/wp-content\/uploads\/2022\/07\/Foto-website-15_11zon-scaled.jpg\" alt=\"\"><\/p>\n<\/li>\n<li>\n<p>        <img decoding=\"async\" src=\"\/wp-content\/uploads\/2022\/07\/Foto-website-16_11zon-scaled.jpg\" alt=\"\"><\/p>\n<\/li>\n<li>\n<p>        <img decoding=\"async\" src=\"\/wp-content\/uploads\/2022\/07\/Foto-website-18_11zon-scaled.jpg\" alt=\"\"><\/p>\n<\/li>\n<li>\n<p>        <img decoding=\"async\" src=\"\/wp-content\/uploads\/2022\/07\/Foto-website-21_11zon-scaled.jpg\" alt=\"\"><\/p>\n<\/li>\n<li>\n<p>        <img decoding=\"async\" src=\"\/wp-content\/uploads\/2022\/07\/Foto-website-28_11zon-scaled.jpg\" alt=\"\"><\/p>\n<\/li>\n<li>\n<p>        <img decoding=\"async\" src=\"\/wp-content\/uploads\/2022\/06\/Foto-website-30.jpg\" alt=\"\"><\/p>\n<\/li>\n<li>\n<p>        <img decoding=\"async\" src=\"\/wp-content\/uploads\/2022\/06\/Foto-website-33.jpg\" alt=\"\"><\/p>\n<\/li>\n<\/ul>\n<p><!--more--><br \/>\n<!-- {\"type\":\"layout\",\"children\":[{\"name\":\"Hero\",\"type\":\"section\",\"props\":{\"image_position\":\"center-center\",\"overlap\":false,\"padding\":\"none\",\"padding_remove_top\":false,\"preserve_color\":true,\"style\":\"default\",\"title_breakpoint\":\"xl\",\"title_position\":\"top-left\",\"title_rotation\":\"left\",\"vertical_align\":\"middle\",\"width\":\"\"},\"children\":[{\"type\":\"row\",\"children\":[{\"type\":\"column\",\"props\":{\"image_position\":\"center-center\",\"position_sticky_breakpoint\":\"m\",\"width_medium\":\"1-1\"},\"children\":[{\"type\":\"slideshow\",\"props\":{\"link_margin\":\"large\",\"link_style\":\"text\",\"link_target\":false,\"link_text\":\"Read more\",\"margin\":\"default\",\"margin_remove_bottom\":true,\"meta_align\":\"above-title\",\"meta_element\":\"div\",\"meta_style\":\"text-meta\",\"nav\":\"dotnav\",\"nav_align\":\"center\",\"nav_below\":false,\"nav_breakpoint\":\"xl\",\"nav_position\":\"bottom-center\",\"nav_position_margin\":\"medium\",\"overlay_animation\":\"parallax\",\"overlay_margin\":\"none\",\"overlay_padding\":\"large\",\"overlay_position\":\"bottom-right\",\"overlay_style\":\"tile-default\",\"overlay_width\":\"xlarge\",\"show_content\":true,\"show_link\":true,\"show_meta\":true,\"show_thumbnail\":true,\"show_title\":true,\"slidenav\":\"bottom-left\",\"slidenav_breakpoint\":\"m\",\"slidenav_large\":true,\"slidenav_margin\":\"\",\"slidenav_outside_breakpoint\":\"xl\",\"slideshow_animation\":\"fade\",\"slideshow_autoplay\":true,\"slideshow_autoplay_pause\":false,\"slideshow_height\":\"full\",\"slideshow_min_height\":\"600\",\"thumbnav_height\":\"75\",\"thumbnav_svg_color\":\"emphasis\",\"thumbnav_width\":\"100\",\"title_element\":\"h2\",\"title_margin\":\"small\",\"title_style\":\"h1\",\"visibility\":\"s\"},\"children\":[{\"type\":\"slideshow_item\",\"props\":{\"image\":\"wp-content\\\/uploads\\\/2022\\\/06\\\/durability.jpg\",\"meta\":\"\",\"title\":\"nachhaltige Entwicklung\"}},{\"type\":\"slideshow_item\",\"props\":{\"image\":\"wp-content\\\/uploads\\\/2022\\\/06\\\/reactivity.jpg\",\"meta\":\"\",\"title\":\"Reaktivit\\u00e4t\"}},{\"type\":\"slideshow_item\",\"props\":{\"image\":\"wp-content\\\/uploads\\\/2022\\\/07\\\/teamwork-terrendis.jpg\",\"meta\":\"\",\"title\":\"Teamarbeit\"}},{\"type\":\"slideshow_item\",\"props\":{\"image\":\"wp-content\\\/uploads\\\/2022\\\/07\\\/quality-terrendis.jpg\",\"image_alt\":\"QUALITY\",\"meta\":\"\",\"title\":\"Qualit\\u00e4t\"}},{\"type\":\"slideshow_item\",\"props\":{\"image\":\"wp-content\\\/uploads\\\/2022\\\/07\\\/customized-solutions-terrendis.jpg\",\"image_alt\":\"Customized solutions\",\"meta\":\"\",\"title\":\"Ma\\u00dfgeschneiderte L\\u00f6sung\"}}]},{\"type\":\"slideshow\",\"props\":{\"link_margin\":\"large\",\"link_style\":\"text\",\"link_target\":false,\"link_text\":\"Read more\",\"margin\":\"default\",\"meta_align\":\"above-title\",\"meta_element\":\"div\",\"meta_style\":\"text-meta\",\"nav\":\"dotnav\",\"nav_align\":\"center\",\"nav_below\":false,\"nav_breakpoint\":\"xl\",\"nav_position\":\"bottom-center\",\"nav_position_margin\":\"medium\",\"overlay_animation\":\"parallax\",\"overlay_margin\":\"none\",\"overlay_padding\":\"large\",\"overlay_position\":\"bottom-right\",\"overlay_style\":\"tile-default\",\"overlay_width\":\"xlarge\",\"show_content\":true,\"show_link\":true,\"show_meta\":true,\"show_thumbnail\":true,\"show_title\":true,\"slidenav\":\"bottom-left\",\"slidenav_breakpoint\":\"m\",\"slidenav_large\":true,\"slidenav_margin\":\"\",\"slidenav_outside_breakpoint\":\"xl\",\"slideshow_animation\":\"fade\",\"slideshow_autoplay\":true,\"slideshow_autoplay_pause\":false,\"slideshow_min_height\":\"400\",\"thumbnav_height\":\"75\",\"thumbnav_svg_color\":\"emphasis\",\"thumbnav_width\":\"100\",\"title_element\":\"h2\",\"title_margin\":\"small\",\"visibility\":\"hidden-s\"},\"children\":[{\"type\":\"slideshow_item\",\"props\":{\"image\":\"wp-content\\\/uploads\\\/2022\\\/06\\\/durability.jpg\",\"meta\":\"\",\"title\":\"Sustainable development\"}},{\"type\":\"slideshow_item\",\"props\":{\"image\":\"wp-content\\\/uploads\\\/2022\\\/06\\\/reactivity.jpg\",\"meta\":\"\",\"title\":\"Reactivity\"}},{\"type\":\"slideshow_item\",\"props\":{\"image\":\"wp-content\\\/uploads\\\/2022\\\/07\\\/teamwork-terrendis.jpg\",\"meta\":\"\",\"title\":\"Teamwork\"}},{\"type\":\"slideshow_item\",\"props\":{\"image\":\"wp-content\\\/uploads\\\/2022\\\/07\\\/quality-terrendis.jpg\",\"image_alt\":\"QUALITY\",\"meta\":\"\",\"title\":\"Quality\"}},{\"type\":\"slideshow_item\",\"props\":{\"image\":\"wp-content\\\/uploads\\\/2022\\\/07\\\/customized-solutions-terrendis.jpg\",\"image_alt\":\"Customized solutions\",\"meta\":\"\",\"title\":\"Customized solutions\"}}]}]}]}]},{\"type\":\"section\",\"props\":{\"image_position\":\"center-center\",\"padding_remove_top\":false,\"style\":\"muted\",\"title_breakpoint\":\"xl\",\"title_position\":\"top-left\",\"title_rotation\":\"left\",\"vertical_align\":\"middle\",\"width\":\"default\"},\"children\":[{\"type\":\"row\",\"children\":[{\"type\":\"column\",\"props\":{\"image_position\":\"center-center\",\"position_sticky_breakpoint\":\"m\"},\"children\":[{\"type\":\"grid\",\"props\":{\"content_column_breakpoint\":\"m\",\"filter_align\":\"left\",\"filter_all\":true,\"filter_grid_breakpoint\":\"m\",\"filter_grid_width\":\"auto\",\"filter_position\":\"top\",\"filter_style\":\"tab\",\"grid_default\":\"1\",\"grid_medium\":\"3\",\"icon_width\":80,\"image_align\":\"top\",\"image_grid_breakpoint\":\"m\",\"image_grid_width\":\"1-2\",\"image_svg_color\":\"emphasis\",\"item_animation\":true,\"link_style\":\"default\",\"link_text\":\"Read more\",\"margin\":\"default\",\"meta_align\":\"below-title\",\"meta_element\":\"div\",\"meta_style\":\"h5\",\"parallax_easing\":\"1\",\"show_content\":true,\"show_image\":false,\"show_link\":false,\"show_meta\":true,\"show_title\":true,\"text_align\":\"center\",\"title_align\":\"top\",\"title_element\":\"h3\",\"title_grid_breakpoint\":\"m\",\"title_grid_width\":\"1-2\",\"title_hover_style\":\"reset\",\"title_style\":\"heading-medium\"},\"children\":[{\"type\":\"grid_item\",\"props\":{\"meta\":\"Zahlt\",\"title\":\"+40\"}},{\"type\":\"grid_item\",\"props\":{\"meta\":\"Meter isolierte Kabel\",\"title\":\"+3.000.000\"}},{\"type\":\"grid_item\",\"props\":{\"meta\":\"Mehvorr\\u00e4tigr als 100 km\",\"title\":\"+100\"}}]}]}]}],\"name\":\"COUNTER SECTION\"},{\"type\":\"section\",\"props\":{\"image_position\":\"center-center\",\"style\":\"default\",\"title_breakpoint\":\"xl\",\"title_position\":\"top-left\",\"title_rotation\":\"left\",\"vertical_align\":\"middle\",\"width\":\"default\"},\"children\":[{\"type\":\"row\",\"children\":[{\"type\":\"column\",\"props\":{\"image_position\":\"center-center\",\"position_sticky_breakpoint\":\"m\"},\"children\":[{\"type\":\"headline\",\"props\":{\"content\":\"Die perfekte L\\u00f6sung f\\u00fcr Ihr Energieversorgungssystem\",\"title_decoration\":\"bullet\",\"title_element\":\"h2\"}},{\"type\":\"text\",\"props\":{\"column_breakpoint\":\"m\",\"content\":\"\n\n<p style=\\\"text-align: left;\\\">Durch die dringende Notwendigkeit, C02-Emissionen soweit wie m\\u00f6glich zu begrenzen, gewinnt W\\u00e4rmenetztechnik immer mehr an Bedeutung. Mit der Nachfrage nach erneuerbarer Energie, h\\u00f6herer Effizienz und niedrigeren Netztemperaturen steigen auch die Anforderungten an ein leistungsf\\u00e4higes, hyperflexibles W\\u00e4rmenetz-Rohrsystem. Terrendis\\u00ae pipes kombiniert optimale Energieeffizienz mit hervorragender Funktionalit\\u00e4t bei der Ausr\\u00fcstung von Niedrigtemperatur-W\\u00e4rmenetzen. Unsere Produkte tragen zu einer gr\\u00f6\\u00dferen Leistungsf\\u00e4higkeit der Netzwerkinfrastruktur und der Geb\\u00e4ude von morgen bei.<\\\/p>\",\"margin\":\"default\"}},{\"type\":\"image\",\"props\":{\"image\":\"wp-content\\\/uploads\\\/2021\\\/09\\\/Terrendis-schema-white.jpg\",\"image_svg_color\":\"emphasis\",\"margin\":\"default\"}},{\"type\":\"text\",\"props\":{\"column\":\"1-2\",\"column_breakpoint\":\"m\",\"content\":\"\n\n<p>Terrendis hat sich ganz der Fertigung und Vermarktung einer umfassenden Palette von hochflexiblen vorged\\u00e4mmten Kunststoffrohrsystemen (Rohre und Zubeh\\u00f6r) verschrieben, die vor allem f\\u00fcr den Transport von Heizwasser, sanit\\u00e4rem Warmwasser, Trinkwasser, K\\u00fchlwasser, Abw\\u00e4ssern oder sonstigen Fluiden in erdverlegten Verteilnetzen bestimmt sind.<\\\/p>\\n\n\n<p>Wir k\\u00f6nnen auf die spezifischen Bed\\u00fcrfnisse unserer Kunden schneller, einfacher und mit einem exakteren Fokus reagieren. Wir k\\u00f6nnen enger mit ihnen zusammenarbeiten, indem wir mehr Verantwortung \\u00fcbernehmen und mehr Entwicklung betreiben und so starke und erfolgreiche Kooperationen aufbauen.<\\\/p>\",\"margin\":\"default\"}}]}]},{\"type\":\"row\",\"children\":[{\"type\":\"column\",\"props\":{\"image_position\":\"center-center\",\"position_sticky_breakpoint\":\"m\"},\"children\":[{\"type\":\"headline\",\"props\":{\"content\":\"Hier finden Sie die idealen vorged\\u00e4mmten Rohrl\\u00f6sungen f\\u00fcr Ihre Projekte nach Anwendungen\",\"title_decoration\":\"bullet\",\"title_element\":\"h2\"}},{\"type\":\"panel-slider\",\"props\":{\"content_column_breakpoint\":\"m\",\"icon_width\":80,\"image_align\":\"top\",\"image_grid_breakpoint\":\"m\",\"image_grid_width\":\"1-2\",\"image_link\":true,\"image_svg_color\":\"emphasis\",\"link_style\":\"default\",\"link_text\":\"\",\"margin\":\"default\",\"meta_align\":\"below-title\",\"meta_element\":\"div\",\"meta_style\":\"text-meta\",\"nav\":\"dotnav\",\"nav_align\":\"center\",\"nav_breakpoint\":\"s\",\"panel_card_match\":true,\"panel_card_offset\":true,\"panel_image_no_padding\":false,\"panel_link\":false,\"panel_padding\":\"default\",\"panel_style\":\"card-default\",\"show_content\":false,\"show_image\":true,\"show_link\":true,\"show_meta\":false,\"show_title\":true,\"slidenav\":\"outside\",\"slidenav_breakpoint\":\"xl\",\"slidenav_margin\":\"medium\",\"slidenav_outside_breakpoint\":\"xl\",\"slider_autoplay_pause\":true,\"slider_gap\":\"default\",\"slider_width\":\"fixed\",\"slider_width_default\":\"1-1\",\"slider_width_medium\":\"1-5\",\"slider_width_small\":\"1-2\",\"text_align\":\"center\",\"title_align\":\"top\",\"title_element\":\"h3\",\"title_grid_breakpoint\":\"m\",\"title_grid_width\":\"1-2\",\"title_hover_style\":\"reset\",\"title_link\":true,\"title_style\":\"h5\"},\"children\":[{\"type\":\"panel-slider_item\",\"props\":{\"image\":\"wp-content\\\/uploads\\\/2021\\\/09\\\/Heating.png\",\"link\":\"product-category\\\/heating\\\/\",\"title\":\"Heizung\"}},{\"type\":\"panel-slider_item\",\"props\":{\"image\":\"wp-content\\\/uploads\\\/2021\\\/09\\\/Sanitary.png\",\"link\":\"product-category\\\/sanitary\\\/\",\"title\":\"Sanit\\u00e4r\"}},{\"type\":\"panel-slider_item\",\"props\":{\"image\":\"wp-content\\\/uploads\\\/2021\\\/09\\\/cold-and-cooling.png\",\"link\":\"product-category\\\/cold-cooling\\\/\",\"title\":\"Kaltwasser und K\\u00fchlung\"}},{\"type\":\"panel-slider_item\",\"props\":{\"image\":\"wp-content\\\/uploads\\\/2021\\\/09\\\/Heating-and-sanitary.png\",\"link\":\"product-category\\\/quadruple-heat-pump\\\/\",\"title\":\"Vierfachrohr und W\\u00e4rmepumpe\"}},{\"type\":\"panel-slider_item\",\"props\":{\"image\":\"wp-content\\\/uploads\\\/2021\\\/09\\\/accessories.png\",\"link\":\"accessories\\\/\",\"title\":\"Zubeh\\u00f6r\"}}]}]}],\"props\":{\"margin\":\"large\"}}]},{\"type\":\"section\",\"props\":{\"image_position\":\"center-center\",\"style\":\"default\",\"title_breakpoint\":\"xl\",\"title_position\":\"top-left\",\"title_rotation\":\"left\",\"vertical_align\":\"middle\",\"width\":\"\"},\"children\":[{\"type\":\"row\",\"props\":{\"width\":\"default\"},\"children\":[{\"type\":\"column\",\"props\":{\"image_position\":\"center-center\",\"position_sticky_breakpoint\":\"m\"},\"children\":[{\"type\":\"headline\",\"props\":{\"content\":\"Fotogalerie\",\"maxwidth\":\"large\",\"title_decoration\":\"bullet\",\"title_element\":\"h3\",\"title_style\":\"h2\"}}]}]},{\"type\":\"row\",\"children\":[{\"type\":\"column\",\"props\":{\"image_position\":\"center-center\",\"position_sticky_breakpoint\":\"m\"},\"children\":[{\"path\":\"elements\",\"name\":\"Overlay Slider Item Width Auto\",\"type\":\"overlay-slider\",\"props\":{\"id\":\"overlay-slider-item-width-auto\",\"image_height\":\"450\",\"link_style\":\"default\",\"link_text\":\"Read more\",\"margin\":\"default\",\"margin_remove_bottom\":true,\"meta_align\":\"below-title\",\"meta_element\":\"div\",\"meta_style\":\"text-meta\",\"nav\":\"dotnav\",\"nav_align\":\"center\",\"nav_breakpoint\":\"s\",\"nav_margin\":\"medium\",\"overlay_mode\":\"cover\",\"overlay_position\":\"center\",\"overlay_transition\":\"fade\",\"show_content\":true,\"show_hover_image\":true,\"show_link\":true,\"show_meta\":true,\"show_title\":true,\"slidenav\":\"default\",\"slidenav_breakpoint\":\"s\",\"slidenav_color\":\"light\",\"slidenav_hover\":true,\"slidenav_large\":false,\"slidenav_margin\":\"medium\",\"slidenav_outside_breakpoint\":\"xl\",\"slider_autoplay\":true,\"slider_autoplay_interval\":\"3\",\"slider_autoplay_pause\":true,\"slider_gap\":\"small\",\"slider_sets\":false,\"slider_width\":\"\",\"slider_width_default\":\"1-1\",\"slider_width_medium\":\"1-3\",\"text_align\":\"center\",\"title_element\":\"h3\",\"title_hover_style\":\"reset\"},\"children\":[{\"type\":\"overlay-slider_item\",\"props\":{\"image\":\"wp-content\\\/uploads\\\/2022\\\/07\\\/Foto-website-2_11zon-scaled.jpg\"}},{\"type\":\"overlay-slider_item\",\"props\":{\"image\":\"wp-content\\\/uploads\\\/2022\\\/07\\\/Foto-website-4_11zon.jpg\"}},{\"type\":\"overlay-slider_item\",\"props\":{\"image\":\"wp-content\\\/uploads\\\/2022\\\/07\\\/Foto-website-4cis_11zon-scaled.jpg\"}},{\"type\":\"overlay-slider_item\",\"props\":{\"image\":\"wp-content\\\/uploads\\\/2022\\\/07\\\/Foto-website-6_11zon-scaled.jpg\"}},{\"type\":\"overlay-slider_item\",\"props\":{\"image\":\"wp-content\\\/uploads\\\/2022\\\/07\\\/Foto-website-8_11zon-scaled.jpg\"}},{\"type\":\"overlay-slider_item\",\"props\":{\"image\":\"wp-content\\\/uploads\\\/2022\\\/07\\\/Foto-website-10_11zon-scaled.jpg\"}},{\"type\":\"overlay-slider_item\",\"props\":{\"image\":\"wp-content\\\/uploads\\\/2022\\\/07\\\/Foto-website-11_11zon-scaled.jpg\"}},{\"type\":\"overlay-slider_item\",\"props\":{\"image\":\"wp-content\\\/uploads\\\/2022\\\/07\\\/Foto-website-14_11zon-scaled.jpg\"}},{\"type\":\"overlay-slider_item\",\"props\":{\"image\":\"wp-content\\\/uploads\\\/2022\\\/07\\\/Foto-website-15_11zon-scaled.jpg\"}},{\"type\":\"overlay-slider_item\",\"props\":{\"image\":\"wp-content\\\/uploads\\\/2022\\\/07\\\/Foto-website-16_11zon-scaled.jpg\"}},{\"type\":\"overlay-slider_item\",\"props\":{\"image\":\"wp-content\\\/uploads\\\/2022\\\/07\\\/Foto-website-18_11zon-scaled.jpg\"}},{\"type\":\"overlay-slider_item\",\"props\":{\"image\":\"wp-content\\\/uploads\\\/2022\\\/07\\\/Foto-website-21_11zon-scaled.jpg\"}},{\"type\":\"overlay-slider_item\",\"props\":{\"image\":\"wp-content\\\/uploads\\\/2022\\\/07\\\/Foto-website-28_11zon-scaled.jpg\"}},{\"type\":\"overlay-slider_item\",\"props\":{\"image\":\"wp-content\\\/uploads\\\/2022\\\/06\\\/Foto-website-30.jpg\"}},{\"type\":\"overlay-slider_item\",\"props\":{\"image\":\"wp-content\\\/uploads\\\/2022\\\/06\\\/Foto-website-33.jpg\"}}],\"meta\":{\"type\":\"overlay-slider\",\"website\":\"elements\",\"image\":\"https:\\\/\\\/downloads-yootheme.storage.googleapis.com\\\/library\\\/elements\\\/elements\\\/overlay-slider-item-width-auto.jpg\"},\"images\":[{\"src\":\"wp-content\\\/uploads\\\/overlay-slider-item-width-auto-01.jpg\",\"md5\":\"c4ac0b1c6b4e7599950d30e1c1e2629f\"},{\"src\":\"wp-content\\\/uploads\\\/overlay-slider-item-width-auto-02-1.jpg\",\"md5\":\"ba41cfb87997f64d938b94c8f0be7486\"},{\"src\":\"wp-content\\\/uploads\\\/overlay-slider-item-width-auto-03.jpg\",\"md5\":\"05af009ebd8b6c4b348964544f4b26ec\"},{\"src\":\"wp-content\\\/uploads\\\/overlay-slider-item-width-auto-04.jpg\",\"md5\":\"a64685d23e4bd4718c35d45c00395dd1\"},{\"src\":\"wp-content\\\/uploads\\\/overlay-slider-item-width-auto-05.jpg\",\"md5\":\"93cf4de7ae66b766041794c9341b8e56\"},{\"src\":\"wp-content\\\/uploads\\\/overlay-slider-item-width-auto-06.jpg\",\"md5\":\"333309292bc997a6958e9cc6e9366611\"}]}]}]}],\"name\":\"PHOTO GALLERY\"}],\"version\":\"4.2.11\"} --><\/p>\n","protected":false},"excerpt":{"rendered":"<p>nachhaltige Entwicklung Reaktivit\u00e4t Teamarbeit Qualit\u00e4t Ma\u00dfgeschneiderte L\u00f6sung Sustainable development Reactivity Teamwork Quality Customized solutions +40 Zahlt +3.000.000 Meter isolierte Kabel +100 Mehvorr\u00e4tigr als 100 km Die perfekte L\u00f6sung f\u00fcr Ihr Energieversorgungssystem Durch die dringende Notwendigkeit, C02-Emissionen soweit wie m\u00f6glich zu begrenzen, gewinnt W\u00e4rmenetztechnik immer mehr an Bedeutung. Mit der Nachfrage nach erneuerbarer Energie, h\u00f6herer Effizienz [&hellip;]<\/p>\n","protected":false},"author":1,"featured_media":0,"parent":0,"menu_order":0,"comment_status":"closed","ping_status":"closed","template":"","meta":{"_acf_changed":false,"_seopress_robots_primary_cat":"","_seopress_titles_title":"","_seopress_titles_desc":"","_seopress_robots_index":"","footnotes":""},"class_list":["post-2048","page","type-page","status-publish","hentry"],"acf":[],"_links":{"self":[{"href":"https:\/\/terrendis.com\/de\/wp-json\/wp\/v2\/pages\/2048","targetHints":{"allow":["GET"]}}],"collection":[{"href":"https:\/\/terrendis.com\/de\/wp-json\/wp\/v2\/pages"}],"about":[{"href":"https:\/\/terrendis.com\/de\/wp-json\/wp\/v2\/types\/page"}],"author":[{"embeddable":true,"href":"https:\/\/terrendis.com\/de\/wp-json\/wp\/v2\/users\/1"}],"replies":[{"embeddable":true,"href":"https:\/\/terrendis.com\/de\/wp-json\/wp\/v2\/comments?post=2048"}],"version-history":[{"count":9,"href":"https:\/\/terrendis.com\/de\/wp-json\/wp\/v2\/pages\/2048\/revisions"}],"predecessor-version":[{"id":2228,"href":"https:\/\/terrendis.com\/de\/wp-json\/wp\/v2\/pages\/2048\/revisions\/2228"}],"wp:attachment":[{"href":"https:\/\/terrendis.com\/de\/wp-json\/wp\/v2\/media?parent=2048"}],"curies":[{"name":"wp","href":"https:\/\/api.w.org\/{rel}","templated":true}]}}